{"id":9729,"date":"2020-08-19T16:00:23","date_gmt":"2020-08-19T19:00:23","guid":{"rendered":"https:\/\/www.buenosairesfreewalks.com\/spanish\/?page_id=9729"},"modified":"2020-09-14T17:09:23","modified_gmt":"2020-09-14T20:09:23","slug":"gracias-por-inscribirte-cementerio-romantico","status":"publish","type":"page","link":"https:\/\/www.buenosairesfreewalks.com\/spanish\/gracias-por-inscribirte-cementerio-romantico\/","title":{"rendered":"Muchas Gracias por Inscribirte: Cementerio Rom\u00e1ntico"},"content":{"rendered":"<div id=\"pl-9729\"  class=\"panel-layout\" ><div class=\"smartlib-blck-area\"><div class=\"container\"><div id=\"pg-9729-0\"  class=\"panel-grid panel-has-style\" ><div class=\"smartlib-widgets-panel-row panel-row-style panel-row-style-for-9729-0\" ><div id=\"pgc-9729-0-0\"  class=\"panel-grid-cell\" ><div id=\"panel-9729-0-0-0\" class=\"so-panel widget widget_sow-editor panel-first-child panel-last-child\" data-index=\"0\" ><div\n\t\t\t\n\t\t\tclass=\"so-widget-sow-editor so-widget-sow-editor-base\"\n\t\t\t\n\t\t>\n<div class=\"siteorigin-widget-tinymce textwidget\">\n\t<h3 style=\"text-align: center;\">Muchas Gracias por Inscribirte al Recorrido Virtual<\/h3>\n<p style=\"text-align: center;\">Te enviamos un e-mail de confirmaci\u00f3n con el link a Zoom. Verific\u00e1 tu casilla de correo, incluido el spam.<\/p>\n<p>&nbsp;<\/p>\n<p>&nbsp;<\/p>\n<h4 style=\"text-align: center;\">\u00bfYA TE ANOTASTE A LOS OTROS RECORRIDOS?<\/h4>\n<\/div>\n<\/div><\/div><\/div><\/div><\/div><\/div><\/div><div class=\"smartlib-blck-area\"><div class=\"container\"><div id=\"pg-9729-1\"  class=\"panel-grid panel-has-style\" ><div class=\"smartlib-widgets-panel-row panel-row-style panel-row-style-for-9729-1\" ><div id=\"pgc-9729-1-0\"  class=\"panel-grid-cell panel-grid-cell-empty\" ><\/div><div id=\"pgc-9729-1-1\"  class=\"panel-grid-cell panel-grid-cell-mobile-last\" ><div id=\"panel-9729-1-1-0\" class=\"so-panel widget widget_sow-image panel-first-child\" data-index=\"1\" ><div\n\t\t\t\n\t\t\tclass=\"so-widget-sow-image so-widget-sow-image-default-8b5b6f678277-9729\"\n\t\t\t\n\t\t>\n<div class=\"sow-image-container\">\n\t\t<img \n\tsrc=\"https:\/\/i0.wp.com\/www.buenosairesfreewalks.com\/spanish\/wp-content\/uploads\/2020\/07\/cementerio-virtual-pag.jpg?fit=600%2C400&amp;ssl=1\" width=\"600\" height=\"400\" srcset=\"https:\/\/i0.wp.com\/www.buenosairesfreewalks.com\/spanish\/wp-content\/uploads\/2020\/07\/cementerio-virtual-pag.jpg?w=600&amp;ssl=1 600w, https:\/\/i0.wp.com\/www.buenosairesfreewalks.com\/spanish\/wp-content\/uploads\/2020\/07\/cementerio-virtual-pag.jpg?resize=300%2C200&amp;ssl=1 300w, https:\/\/i0.wp.com\/www.buenosairesfreewalks.com\/spanish\/wp-content\/uploads\/2020\/07\/cementerio-virtual-pag.jpg?resize=272%2C182&amp;ssl=1 272w\" alt=\"\" \t\tclass=\"so-widget-image\"\/>\n\t<\/div>\n\n<\/div><\/div><div id=\"panel-9729-1-1-1\" class=\"so-panel widget widget_sow-editor\" data-index=\"2\" ><div\n\t\t\t\n\t\t\tclass=\"so-widget-sow-editor so-widget-sow-editor-base\"\n\t\t\t\n\t\t>\n<div class=\"siteorigin-widget-tinymce textwidget\">\n\t<p><i class=\"fa fa-calendar\" style=\"font-size: 20px; color: #ea5d1d;\"><\/i> <strong>Mi\u00e9rcoles 9 de Septiembre 19hs.<\/strong><br \/>\n<i class=\"fa fa-refresh\" style=\"font-size: 20px; color: #ea5d1d;\"><\/i> <strong>Duraci\u00f3n:<\/strong> 1:30 horas<br \/>\n<i class=\"fa fa-file-movie-o\" style=\"font-size: 20px; color: #ea5d1d;\"><\/i> Por <strong>Zoom<\/strong><br \/>\n<i class=\"fa fa-photo\" style=\"font-size: 20px; color: #ea5d1d;\"><\/i> <strong>Temario<\/strong>: Luz Mar\u00eda Garc\u00eda Velloso, Elisa Brown, <strong>Rufina Cambaceres<\/strong>, Liliana Crociati, David Alleno, Juan Galo de Lavalle y <strong>Evita Per\u00f3n.<\/strong><\/p>\n<\/div>\n<\/div><\/div><div id=\"panel-9729-1-1-2\" class=\"so-panel widget widget_sow-button panel-last-child\" data-index=\"3\" ><div\n\t\t\t\n\t\t\tclass=\"so-widget-sow-button so-widget-sow-button-atom-1038cf0caefd-9729\"\n\t\t\t\n\t\t><div class=\"ow-button-base ow-button-align-center\"\n>\n\t\t\t<a\n\t\t\t\t\thref=\"https:\/\/www.buenosairesfreewalks.com\/spanish\/?page_id=6262\"\n\t\t\t\t\tclass=\"sowb-button ow-icon-placement-left ow-button-hover\" \t>\n\t\t<span>\n\t\t\t\n\t\t\t\u00a1INSCRIBIRME AHORA!\t\t<\/span>\n\t\t\t<\/a>\n\t<\/div>\n<\/div><\/div><\/div><div id=\"pgc-9729-1-2\"  class=\"panel-grid-cell panel-grid-cell-empty\" ><\/div><\/div><\/div><\/div><\/div><div class=\"smartlib-blck-area\"><div class=\"container\"><div id=\"pg-9729-2\"  class=\"panel-grid panel-has-style\" ><div class=\"smartlib-widgets-panel-row panel-row-style panel-row-style-for-9729-2\" ><div id=\"pgc-9729-2-0\"  class=\"panel-grid-cell panel-grid-cell-empty panel-grid-cell-mobile-last\" ><\/div><div id=\"pgc-9729-2-1\"  class=\"panel-grid-cell panel-grid-cell-empty\" ><\/div><\/div><\/div><\/div><\/div><\/div>","protected":false},"excerpt":{"rendered":"<p>Muchas Gracias por Inscribirte al Recorrido Virtual Te enviamos un e-mail de confirmaci\u00f3n con el link a Zoom. Verific\u00e1 tu casilla de correo, incluido el spam. &nbsp; &nbsp; \u00bfYA TE ANOTASTE A LOS OTROS RECORRIDOS? Mi\u00e9rcoles 9 de Septiembre 19hs. Duraci\u00f3n: 1:30 horas Por Zoom Temario: Luz Mar\u00eda Garc\u00eda Velloso, Elisa Brown, Rufina Cambaceres, Liliana [&hellip;]<\/p>\n","protected":false},"author":1,"featured_media":0,"parent":0,"menu_order":0,"comment_status":"closed","ping_status":"closed","template":"page-blocks.php","meta":{"footnotes":""},"class_list":["post-9729","page","type-page","status-publish","hentry"],"yoast_head":"<!-- This site is optimized with the Yoast SEO plugin v27.3 - https:\/\/yoast.com\/product\/yoast-seo-wordpress\/ -->\n<title>Muchas Gracias por Inscribirte: Cementerio Rom\u00e1ntico - Buenos Aires Free Walks<\/title>\n<meta name=\"description\" content=\"Muchas gracias por inscribirte al recorrido virtual por Cementerio Rom\u00e1ntico, Buenos Aires. Recibiras el link para participar por mail.\" \/>\n<meta name=\"robots\" content=\"index, follow, max-snippet:-1, max-image-preview:large, max-video-preview:-1\" \/>\n<link rel=\"canonical\" href=\"https:\/\/www.buenosairesfreewalks.com\/spanish\/gracias-por-inscribirte-cementerio-romantico\/\" \/>\n<meta property=\"og:locale\" content=\"es_ES\" \/>\n<meta property=\"og:type\" content=\"article\" \/>\n<meta property=\"og:title\" content=\"Muchas Gracias por Inscribirte: Cementerio Rom\u00e1ntico - Buenos Aires Free Walks\" \/>\n<meta property=\"og:description\" content=\"Muchas gracias por inscribirte al recorrido virtual por Cementerio Rom\u00e1ntico, Buenos Aires. Recibiras el link para participar por mail.\" \/>\n<meta property=\"og:url\" content=\"https:\/\/www.buenosairesfreewalks.com\/spanish\/gracias-por-inscribirte-cementerio-romantico\/\" \/>\n<meta property=\"og:site_name\" content=\"Buenos Aires Free Walks\" \/>\n<meta property=\"article:modified_time\" content=\"2020-09-14T20:09:23+00:00\" \/>\n<meta name=\"twitter:card\" content=\"summary_large_image\" \/>\n<!-- \/ Yoast SEO plugin. -->","yoast_head_json":{"title":"Muchas Gracias por Inscribirte: Cementerio Rom\u00e1ntico - Buenos Aires Free Walks","description":"Muchas gracias por inscribirte al recorrido virtual por Cementerio Rom\u00e1ntico, Buenos Aires. Recibiras el link para participar por mail.","robots":{"index":"index","follow":"follow","max-snippet":"max-snippet:-1","max-image-preview":"max-image-preview:large","max-video-preview":"max-video-preview:-1"},"canonical":"https:\/\/www.buenosairesfreewalks.com\/spanish\/gracias-por-inscribirte-cementerio-romantico\/","og_locale":"es_ES","og_type":"article","og_title":"Muchas Gracias por Inscribirte: Cementerio Rom\u00e1ntico - Buenos Aires Free Walks","og_description":"Muchas gracias por inscribirte al recorrido virtual por Cementerio Rom\u00e1ntico, Buenos Aires. Recibiras el link para participar por mail.","og_url":"https:\/\/www.buenosairesfreewalks.com\/spanish\/gracias-por-inscribirte-cementerio-romantico\/","og_site_name":"Buenos Aires Free Walks","article_modified_time":"2020-09-14T20:09:23+00:00","twitter_card":"summary_large_image","schema":{"@context":"https:\/\/schema.org","@graph":[{"@type":"WebPage","@id":"https:\/\/www.buenosairesfreewalks.com\/spanish\/gracias-por-inscribirte-cementerio-romantico\/","url":"https:\/\/www.buenosairesfreewalks.com\/spanish\/gracias-por-inscribirte-cementerio-romantico\/","name":"Muchas Gracias por Inscribirte: Cementerio Rom\u00e1ntico - Buenos Aires Free Walks","isPartOf":{"@id":"https:\/\/www.buenosairesfreewalks.com\/spanish\/#website"},"datePublished":"2020-08-19T19:00:23+00:00","dateModified":"2020-09-14T20:09:23+00:00","description":"Muchas gracias por inscribirte al recorrido virtual por Cementerio Rom\u00e1ntico, Buenos Aires. Recibiras el link para participar por mail.","breadcrumb":{"@id":"https:\/\/www.buenosairesfreewalks.com\/spanish\/gracias-por-inscribirte-cementerio-romantico\/#breadcrumb"},"inLanguage":"es-AR","potentialAction":[{"@type":"ReadAction","target":["https:\/\/www.buenosairesfreewalks.com\/spanish\/gracias-por-inscribirte-cementerio-romantico\/"]}]},{"@type":"BreadcrumbList","@id":"https:\/\/www.buenosairesfreewalks.com\/spanish\/gracias-por-inscribirte-cementerio-romantico\/#breadcrumb","itemListElement":[{"@type":"ListItem","position":1,"name":"Home","item":"https:\/\/www.buenosairesfreewalks.com\/spanish\/"},{"@type":"ListItem","position":2,"name":"Muchas Gracias por Inscribirte: Cementerio Rom\u00e1ntico"}]},{"@type":"WebSite","@id":"https:\/\/www.buenosairesfreewalks.com\/spanish\/#website","url":"https:\/\/www.buenosairesfreewalks.com\/spanish\/","name":"Buenos Aires Free Walks","description":"Los Mejores Tours Gratis en Buenos Aires","potentialAction":[{"@type":"SearchAction","target":{"@type":"EntryPoint","urlTemplate":"https:\/\/www.buenosairesfreewalks.com\/spanish\/?s={search_term_string}"},"query-input":{"@type":"PropertyValueSpecification","valueRequired":true,"valueName":"search_term_string"}}],"inLanguage":"es-AR"}]}},"jetpack_sharing_enabled":true,"_links":{"self":[{"href":"https:\/\/www.buenosairesfreewalks.com\/spanish\/wp-json\/wp\/v2\/pages\/9729","targetHints":{"allow":["GET"]}}],"collection":[{"href":"https:\/\/www.buenosairesfreewalks.com\/spanish\/wp-json\/wp\/v2\/pages"}],"about":[{"href":"https:\/\/www.buenosairesfreewalks.com\/spanish\/wp-json\/wp\/v2\/types\/page"}],"author":[{"embeddable":true,"href":"https:\/\/www.buenosairesfreewalks.com\/spanish\/wp-json\/wp\/v2\/users\/1"}],"replies":[{"embeddable":true,"href":"https:\/\/www.buenosairesfreewalks.com\/spanish\/wp-json\/wp\/v2\/comments?post=9729"}],"version-history":[{"count":24,"href":"https:\/\/www.buenosairesfreewalks.com\/spanish\/wp-json\/wp\/v2\/pages\/9729\/revisions"}],"predecessor-version":[{"id":11880,"href":"https:\/\/www.buenosairesfreewalks.com\/spanish\/wp-json\/wp\/v2\/pages\/9729\/revisions\/11880"}],"wp:attachment":[{"href":"https:\/\/www.buenosairesfreewalks.com\/spanish\/wp-json\/wp\/v2\/media?parent=9729"}],"curies":[{"name":"wp","href":"https:\/\/api.w.org\/{rel}","templated":true}]}}