{"id":9720,"date":"2020-08-19T15:56:46","date_gmt":"2020-08-19T18:56:46","guid":{"rendered":"https:\/\/www.buenosairesfreewalks.com\/spanish\/?page_id=9720"},"modified":"2020-09-14T16:44:38","modified_gmt":"2020-09-14T19:44:38","slug":"historias-romanticas-cementerio","status":"publish","type":"page","link":"https:\/\/www.buenosairesfreewalks.com\/spanish\/historias-romanticas-cementerio\/","title":{"rendered":"Historias Rom\u00e1nticas Cementerio"},"content":{"rendered":"<div id=\"pl-9720\"  class=\"panel-layout\" ><div class=\"smartlib-blck-area\"><div class=\"container\"><div id=\"pg-9720-0\"  class=\"panel-grid panel-has-style\" ><div class=\"smartlib-widgets-panel-row panel-row-style panel-row-style-for-9720-0\" ><div id=\"pgc-9720-0-0\"  class=\"panel-grid-cell\" ><div id=\"panel-9720-0-0-0\" class=\"so-panel widget widget_sow-editor panel-first-child\" data-index=\"0\" ><div\n\t\t\t\n\t\t\tclass=\"so-widget-sow-editor so-widget-sow-editor-base\"\n\t\t\t\n\t\t>\n<div class=\"siteorigin-widget-tinymce textwidget\">\n\t<p>&nbsp;<br \/>\n&nbsp;<br \/>\n&nbsp;<\/p>\n<h5><\/h5>\n<h5 style=\"text-align: center;\">Historias Rom\u00e1nticas del Cementerio Recoleta<\/h5>\n<\/div>\n<\/div><\/div><div id=\"panel-9720-0-0-1\" class=\"so-panel widget widget_smartlib-contactform7-widget panel-last-child\" data-index=\"1\" ><div\n\t\t\t\n\t\t\tclass=\"so-widget-smartlib-contactform7-widget so-widget-smartlib-contactform7-widget-base\"\n\t\t\t\n\t\t><div\r\n    class=\"smartlib-contactform7-widget\">\r\n    <header class=\"smartlib-widget-header panel-heading\">\r\n\r\n        <h3 style=\" text-align:center;\"><\/h3>\r\n\r\n    <\/header>\r\n        <div class=\"smartlib-inside-box panel-body\">\r\n        [contact-form-7 id=\"9717\" title=\"10. Cementerio Romantico\"]    <\/div>\r\n<\/div><\/div><\/div><\/div><\/div><\/div><\/div><\/div><\/div>","protected":false},"excerpt":{"rendered":"<p>&nbsp; &nbsp; &nbsp; Historias Rom\u00e1nticas del Cementerio Recoleta<\/p>\n","protected":false},"author":1,"featured_media":0,"parent":0,"menu_order":0,"comment_status":"closed","ping_status":"closed","template":"page-blocks.php","meta":{"footnotes":""},"class_list":["post-9720","page","type-page","status-publish","hentry"],"yoast_head":"<!-- This site is optimized with the Yoast SEO plugin v27.3 - https:\/\/yoast.com\/product\/yoast-seo-wordpress\/ -->\n<title>Historias Rom\u00e1nticas Cementerio - Buenos Aires Free Walks<\/title>\n<meta name=\"description\" content=\"Inscr\u00edbete a nuestro recorrido virtual Historias Rom\u00e1nticas del Cementerio Recoleta en Buenos Aires. Recibir\u00e1s un mail para participar.\" \/>\n<meta name=\"robots\" content=\"index, follow, max-snippet:-1, max-image-preview:large, max-video-preview:-1\" \/>\n<link rel=\"canonical\" href=\"https:\/\/www.buenosairesfreewalks.com\/spanish\/historias-romanticas-cementerio\/\" \/>\n<meta property=\"og:locale\" content=\"es_ES\" \/>\n<meta property=\"og:type\" content=\"article\" \/>\n<meta property=\"og:title\" content=\"Historias Rom\u00e1nticas Cementerio - Buenos Aires Free Walks\" \/>\n<meta property=\"og:description\" content=\"Inscr\u00edbete a nuestro recorrido virtual Historias Rom\u00e1nticas del Cementerio Recoleta en Buenos Aires. Recibir\u00e1s un mail para participar.\" \/>\n<meta property=\"og:url\" content=\"https:\/\/www.buenosairesfreewalks.com\/spanish\/historias-romanticas-cementerio\/\" \/>\n<meta property=\"og:site_name\" content=\"Buenos Aires Free Walks\" \/>\n<meta property=\"article:modified_time\" content=\"2020-09-14T19:44:38+00:00\" \/>\n<meta name=\"twitter:card\" content=\"summary_large_image\" \/>\n<!-- \/ Yoast SEO plugin. -->","yoast_head_json":{"title":"Historias Rom\u00e1nticas Cementerio - Buenos Aires Free Walks","description":"Inscr\u00edbete a nuestro recorrido virtual Historias Rom\u00e1nticas del Cementerio Recoleta en Buenos Aires. Recibir\u00e1s un mail para participar.","robots":{"index":"index","follow":"follow","max-snippet":"max-snippet:-1","max-image-preview":"max-image-preview:large","max-video-preview":"max-video-preview:-1"},"canonical":"https:\/\/www.buenosairesfreewalks.com\/spanish\/historias-romanticas-cementerio\/","og_locale":"es_ES","og_type":"article","og_title":"Historias Rom\u00e1nticas Cementerio - Buenos Aires Free Walks","og_description":"Inscr\u00edbete a nuestro recorrido virtual Historias Rom\u00e1nticas del Cementerio Recoleta en Buenos Aires. Recibir\u00e1s un mail para participar.","og_url":"https:\/\/www.buenosairesfreewalks.com\/spanish\/historias-romanticas-cementerio\/","og_site_name":"Buenos Aires Free Walks","article_modified_time":"2020-09-14T19:44:38+00:00","twitter_card":"summary_large_image","schema":{"@context":"https:\/\/schema.org","@graph":[{"@type":"WebPage","@id":"https:\/\/www.buenosairesfreewalks.com\/spanish\/historias-romanticas-cementerio\/","url":"https:\/\/www.buenosairesfreewalks.com\/spanish\/historias-romanticas-cementerio\/","name":"Historias Rom\u00e1nticas Cementerio - Buenos Aires Free Walks","isPartOf":{"@id":"https:\/\/www.buenosairesfreewalks.com\/spanish\/#website"},"datePublished":"2020-08-19T18:56:46+00:00","dateModified":"2020-09-14T19:44:38+00:00","description":"Inscr\u00edbete a nuestro recorrido virtual Historias Rom\u00e1nticas del Cementerio Recoleta en Buenos Aires. Recibir\u00e1s un mail para participar.","breadcrumb":{"@id":"https:\/\/www.buenosairesfreewalks.com\/spanish\/historias-romanticas-cementerio\/#breadcrumb"},"inLanguage":"es-AR","potentialAction":[{"@type":"ReadAction","target":["https:\/\/www.buenosairesfreewalks.com\/spanish\/historias-romanticas-cementerio\/"]}]},{"@type":"BreadcrumbList","@id":"https:\/\/www.buenosairesfreewalks.com\/spanish\/historias-romanticas-cementerio\/#breadcrumb","itemListElement":[{"@type":"ListItem","position":1,"name":"Home","item":"https:\/\/www.buenosairesfreewalks.com\/spanish\/"},{"@type":"ListItem","position":2,"name":"Historias Rom\u00e1nticas Cementerio"}]},{"@type":"WebSite","@id":"https:\/\/www.buenosairesfreewalks.com\/spanish\/#website","url":"https:\/\/www.buenosairesfreewalks.com\/spanish\/","name":"Buenos Aires Free Walks","description":"Los Mejores Tours Gratis en Buenos Aires","potentialAction":[{"@type":"SearchAction","target":{"@type":"EntryPoint","urlTemplate":"https:\/\/www.buenosairesfreewalks.com\/spanish\/?s={search_term_string}"},"query-input":{"@type":"PropertyValueSpecification","valueRequired":true,"valueName":"search_term_string"}}],"inLanguage":"es-AR"}]}},"jetpack_sharing_enabled":true,"_links":{"self":[{"href":"https:\/\/www.buenosairesfreewalks.com\/spanish\/wp-json\/wp\/v2\/pages\/9720","targetHints":{"allow":["GET"]}}],"collection":[{"href":"https:\/\/www.buenosairesfreewalks.com\/spanish\/wp-json\/wp\/v2\/pages"}],"about":[{"href":"https:\/\/www.buenosairesfreewalks.com\/spanish\/wp-json\/wp\/v2\/types\/page"}],"author":[{"embeddable":true,"href":"https:\/\/www.buenosairesfreewalks.com\/spanish\/wp-json\/wp\/v2\/users\/1"}],"replies":[{"embeddable":true,"href":"https:\/\/www.buenosairesfreewalks.com\/spanish\/wp-json\/wp\/v2\/comments?post=9720"}],"version-history":[{"count":9,"href":"https:\/\/www.buenosairesfreewalks.com\/spanish\/wp-json\/wp\/v2\/pages\/9720\/revisions"}],"predecessor-version":[{"id":11865,"href":"https:\/\/www.buenosairesfreewalks.com\/spanish\/wp-json\/wp\/v2\/pages\/9720\/revisions\/11865"}],"wp:attachment":[{"href":"https:\/\/www.buenosairesfreewalks.com\/spanish\/wp-json\/wp\/v2\/media?parent=9720"}],"curies":[{"name":"wp","href":"https:\/\/api.w.org\/{rel}","templated":true}]}}