{"id":4874,"date":"2020-06-30T16:09:33","date_gmt":"2020-06-30T19:09:33","guid":{"rendered":"https:\/\/www.buenosairesfreewalks.com\/spanish\/?page_id=4874"},"modified":"2025-09-02T18:45:38","modified_gmt":"2025-09-02T21:45:38","slug":"free-tour-arte-urbano","status":"publish","type":"page","link":"https:\/\/www.buenosairesfreewalks.com\/spanish\/free-tour-arte-urbano\/","title":{"rendered":"Free Tour Arte Urbano"},"content":{"rendered":"<div id=\"pl-4874\"  class=\"panel-layout\" ><div class=\"smartlib-blck-area\"><div class=\"container\"><div id=\"pg-4874-0\"  class=\"panel-grid panel-has-style\" ><div class=\"smartlib-widgets-panel-row panel-row-style panel-row-style-for-4874-0\" ><div id=\"pgc-4874-0-0\"  class=\"panel-grid-cell\" ><div id=\"panel-4874-0-0-0\" class=\"so-panel widget widget_sow-editor panel-first-child\" data-index=\"0\" ><div\n\t\t\t\n\t\t\tclass=\"so-widget-sow-editor so-widget-sow-editor-base\"\n\t\t\t\n\t\t>\n<div class=\"siteorigin-widget-tinymce textwidget\">\n\t<h1 style=\"text-align: center; line-height: 1.2;\"><span style=\"color: #000000;\">FREE TOUR ARTE URBANO EN PALERMO<br \/>\n<\/span><\/h1>\n<p style=\"text-align: center;\"><a href=\"https:\/\/www.tripadvisor.com\/Attraction_Review-g312741-d4541686-Reviews-Buenos_Aires_Free_Walks-Buenos_Aires_Capital_Federal_District.html\" target=\"_blank\" rel=\"noopener\"><span style=\"color: #00a680;\">Click aqu\u00ed para leer +7.000 opiniones en TripAdvisor!<\/span><\/a><\/p>\n<p>&nbsp;<\/p>\n<p><i class=\"fa fa-clock-o\" style=\"font-size: 20px; color: #ea5d1d;\"><\/i> <strong>Comienzo<\/strong>: 3 pm<br \/>\n<i class=\"fa fa-refresh\" style=\"font-size: 20px; color: #ea5d1d;\"><\/i> <strong>Duraci\u00f3n:<\/strong> 2 horas<br \/>\n<i class=\"fa fa-map-marker\" style=\"font-size: 20px; color: #ea5d1d;\"><\/i> <strong>Punto de Encuentro:<\/strong> Plaza Serrano (alias Plaza Cort\u00e1zar) Esquina de Jorge Luis Borges y Honduras.<br \/>\n<strong>Idiomas: <\/strong>\u00a0<img data-recalc-dims=\"1\" loading=\"lazy\" decoding=\"async\" class=\"size-full wp-image-7979 alignnone\" src=\"https:\/\/i0.wp.com\/www.buenosairesfreewalks.com\/wp-content\/uploads\/2020\/02\/eng-2.png?resize=24%2C16&#038;ssl=1\" alt=\"free walking tour buenos aires\" width=\"24\" height=\"16\" \/> in English.<br \/>\n<i class=\"fa fa-tint\" style=\"font-size: 20px; color: #57becd;\"><\/i> <strong>\u00a1Incluso cuando llueve!<\/strong><\/p>\n<\/div>\n<\/div><\/div><div id=\"panel-4874-0-0-1\" class=\"so-panel widget widget_sow-editor\" data-index=\"1\" ><div\n\t\t\t\n\t\t\tclass=\"so-widget-sow-editor so-widget-sow-editor-base\"\n\t\t\t\n\t\t>\n<div class=\"siteorigin-widget-tinymce textwidget\">\n\t<p><script type=\"text\/javascript\" src=\"https:\/\/widgets.bokun.io\/assets\/javascripts\/apps\/build\/BokunWidgetsLoader.js?bookingChannelUUID=c5086e64-658d-4d42-bc92-a1aa226dc58f\" async><\/script><\/p>\n<p style=\"text-align: center;\">\n<style> #bokun_18473b7d_db73_4169_803d_8199c958c3b9 { display: inline-block; padding: 10px 20px; background: #ec0e0e; border-radius: 5px; box-shadow: none; font-weight: 600; font-size: 16px; text-decoration: none; text-align: center; color: #FFFFFF; font-family: sans-serif; border:none; cursor: pointer; } #bokun_18473b7d_db73_4169_803d_8199c958c3b9:hover{ background: #a40a0a; } #bokun_18473b7d_db73_4169_803d_8199c958c3b9:active{ background: #bc0b0b; } <\/style>\n<\/p>\n<p style=\"text-align: center;\"><button id=\"bokun_18473b7d_db73_4169_803d_8199c958c3b9\" class=\"bokunButton\" disabled=\"disabled\" data-src=\"https:\/\/widgets.bokun.io\/online-sales\/c5086e64-658d-4d42-bc92-a1aa226dc58f\/experience\/650487?partialView=1\" data-testid=\"widget-book-button\"> BOOK HERE! <\/button><\/p>\n<\/div>\n<\/div><\/div><div id=\"panel-4874-0-0-2\" class=\"so-panel widget widget_sow-editor\" data-index=\"2\" ><div\n\t\t\t\n\t\t\tclass=\"so-widget-sow-editor so-widget-sow-editor-base\"\n\t\t\t\n\t\t>\n<div class=\"siteorigin-widget-tinymce textwidget\">\n\t<h4 style=\"text-align: center;\">Chequea nuestro Punto de Encuentro<\/h4>\n<p>&nbsp;<\/p>\n<p><iframe loading=\"lazy\" src=\"https:\/\/www.google.com\/maps\/embed?pb=!1m14!1m8!1m3!1d13138.445820876701!2d-58.4297222!3d-34.5886967!3m2!1i1024!2i768!4f13.1!3m3!1m2!1s0x0%3A0x8e768f24fa6729bc!2sGraffiti%20Tour%20Buenos%20Aires!5e0!3m2!1ses!2sar!4v1593543385616!5m2!1ses!2sar\" width=\"800\" height=\"350\" frameborder=\"0\" style=\"border:0;\" allowfullscreen=\"\" aria-hidden=\"false\" tabindex=\"0\"><\/iframe><\/p>\n<\/div>\n<\/div><\/div><div id=\"panel-4874-0-0-3\" class=\"so-panel widget widget_sow-editor\" data-index=\"3\" ><div\n\t\t\t\n\t\t\tclass=\"so-widget-sow-editor so-widget-sow-editor-base\"\n\t\t\t\n\t\t>\n<div class=\"siteorigin-widget-tinymce textwidget\">\n\t<h4 style=\"text-align: center;\">Foto del Punto de Encuentro<\/h4>\n<\/div>\n<\/div><\/div><div id=\"panel-4874-0-0-4\" class=\"so-panel widget widget_sow-image\" data-index=\"4\" ><div\n\t\t\t\n\t\t\tclass=\"so-widget-sow-image so-widget-sow-image-default-8b5b6f678277-4874\"\n\t\t\t\n\t\t>\n<div class=\"sow-image-container\">\n\t\t<img \n\tsrc=\"https:\/\/i0.wp.com\/www.buenosairesfreewalks.com\/spanish\/wp-content\/uploads\/2020\/06\/graffiti-tour-buenos-aires-2.jpg?fit=800%2C500&amp;ssl=1\" width=\"800\" height=\"500\" srcset=\"https:\/\/i0.wp.com\/www.buenosairesfreewalks.com\/spanish\/wp-content\/uploads\/2020\/06\/graffiti-tour-buenos-aires-2.jpg?w=800&amp;ssl=1 800w, https:\/\/i0.wp.com\/www.buenosairesfreewalks.com\/spanish\/wp-content\/uploads\/2020\/06\/graffiti-tour-buenos-aires-2.jpg?resize=300%2C188&amp;ssl=1 300w, https:\/\/i0.wp.com\/www.buenosairesfreewalks.com\/spanish\/wp-content\/uploads\/2020\/06\/graffiti-tour-buenos-aires-2.jpg?resize=768%2C480&amp;ssl=1 768w, https:\/\/i0.wp.com\/www.buenosairesfreewalks.com\/spanish\/wp-content\/uploads\/2020\/06\/graffiti-tour-buenos-aires-2.jpg?resize=624%2C390&amp;ssl=1 624w\" title=\"arte urbano free tour\" alt=\"arte urbano free tour\" \t\tclass=\"so-widget-image\"\/>\n\t<\/div>\n\n<\/div><\/div><div id=\"panel-4874-0-0-5\" class=\"so-panel widget widget_sow-editor\" data-index=\"5\" ><div\n\t\t\t\n\t\t\tclass=\"so-widget-sow-editor so-widget-sow-editor-base\"\n\t\t\t\n\t\t>\n<div class=\"siteorigin-widget-tinymce textwidget\">\n\t<p><script type=\"text\/javascript\" src=\"https:\/\/widgets.bokun.io\/assets\/javascripts\/apps\/build\/BokunWidgetsLoader.js?bookingChannelUUID=c5086e64-658d-4d42-bc92-a1aa226dc58f\" async><\/script><\/p>\n<p style=\"text-align: center;\">\n<style> #bokun_18473b7d_db73_4169_803d_8199c958c3b9 { display: inline-block; padding: 10px 20px; background: #ec0e0e; border-radius: 5px; box-shadow: none; font-weight: 600; font-size: 16px; text-decoration: none; text-align: center; color: #FFFFFF; font-family: sans-serif; border:none; cursor: pointer; } #bokun_18473b7d_db73_4169_803d_8199c958c3b9:hover{ background: #a40a0a; } #bokun_18473b7d_db73_4169_803d_8199c958c3b9:active{ background: #bc0b0b; } <\/style>\n<\/p>\n<p style=\"text-align: center;\"><button id=\"bokun_18473b7d_db73_4169_803d_8199c958c3b9\" class=\"bokunButton\" disabled=\"disabled\" data-src=\"https:\/\/widgets.bokun.io\/online-sales\/c5086e64-658d-4d42-bc92-a1aa226dc58f\/experience\/650487?partialView=1\" data-testid=\"widget-book-button\"> BOOK HERE! <\/button><\/p>\n<\/div>\n<\/div><\/div><div id=\"panel-4874-0-0-6\" class=\"so-panel widget widget_siteorigin-panels-builder panel-last-child\" data-index=\"6\" ><div id=\"pl-w5efb8dee139ad\"  class=\"panel-layout\" ><div class=\"smartlib-blck-area\"><div class=\"container\"><div id=\"pg-w5efb8dee139ad-0\"  class=\"panel-grid panel-has-style\" ><div class=\"smartlib-widgets-panel-row panel-row-style panel-row-style-for-w5efb8dee139ad-0\" ><div id=\"pgc-w5efb8dee139ad-0-0\"  class=\"panel-grid-cell\" ><div id=\"panel-w5efb8dee139ad-0-0-0\" class=\"so-panel widget widget_sow-editor panel-first-child panel-last-child\" data-index=\"0\" ><div\n\t\t\t\n\t\t\tclass=\"so-widget-sow-editor so-widget-sow-editor-base\"\n\t\t\t\n\t\t>\n<div class=\"siteorigin-widget-tinymce textwidget\">\n\t<h5>Destacados del Free Tour Arte Urbano en Palermo<\/h5>\n<ul>\n<li>Conceptos del Arte Urbano<\/li>\n<li>Arte urbano en Argentina<\/li>\n<li><i>\u201cWorldwide Wall Paste up\u201d<\/i><\/li>\n<li><i>\u201cMural de los sue\u00f1os\"<\/i><\/li>\n<li><i>\u201cMartin Ron: Mujer Selfie\u201d<\/i><\/li>\n<li><i>\u201cAlfredo Segatori Mural Trash\u201d<\/i><\/li>\n<\/ul>\n<\/div>\n<\/div><\/div><\/div><div id=\"pgc-w5efb8dee139ad-0-1\"  class=\"panel-grid-cell\" ><div id=\"panel-w5efb8dee139ad-0-1-0\" class=\"so-panel widget widget_sow-editor panel-first-child panel-last-child\" data-index=\"1\" ><div\n\t\t\t\n\t\t\tclass=\"so-widget-sow-editor so-widget-sow-editor-base\"\n\t\t\t\n\t\t>\n<div class=\"siteorigin-widget-tinymce textwidget\">\n\t<h5><strong>\u00a1Descripci\u00f3n del tour!<br \/>\n<\/strong><\/h5>\n<p style=\"text-align: justify;\">Palermo es el <strong>barrio porte\u00f1o de moda<\/strong>. Repleto de tiendas y caf\u00e9s que se encuentran a lo largo de calles empedradas, Palermo es donde los artistas y dise\u00f1adores se expresan, creando una <strong>exhibici\u00f3n de colores y formas que atraen a los hipsters y amantes del arte<\/strong> de todo el mundo. \u00danase al <strong>Free Tour Arte Urbano<\/strong> para descubrir el mejor arte urbano de la ciudad de la mano de nuestros divertidos y expertos gu\u00edas.<\/p>\n<p>&nbsp;<\/p>\n<\/div>\n<\/div><\/div><\/div><\/div><\/div><\/div><\/div><\/div><\/div><\/div><\/div><\/div><\/div><\/div><\/div>","protected":false},"excerpt":{"rendered":"<p>FREE TOUR ARTE URBANO EN PALERMO Click aqu\u00ed para leer +7.000 opiniones en TripAdvisor! &nbsp; Comienzo: 3 pm Duraci\u00f3n: 2 horas Punto de Encuentro: Plaza Serrano (alias Plaza Cort\u00e1zar) Esquina de Jorge Luis Borges y Honduras. Idiomas: \u00a0 in English. \u00a1Incluso cuando llueve! BOOK HERE! Chequea nuestro Punto de Encuentro &nbsp; Foto del Punto de [&hellip;]<\/p>\n","protected":false},"author":1,"featured_media":0,"parent":0,"menu_order":0,"comment_status":"closed","ping_status":"closed","template":"","meta":{"footnotes":""},"class_list":["post-4874","page","type-page","status-publish","hentry"],"yoast_head":"<!-- This site is optimized with the Yoast SEO plugin v27.4 - https:\/\/yoast.com\/product\/yoast-seo-wordpress\/ -->\n<title>Free Tour Arte Urbano en Palermo - Buenos Aires Free Walks<\/title>\n<meta name=\"description\" content=\"\u00danete al Free Tour Arte Urbano en Palermo. Tour en Ingl\u00e9s. u$d 10 por persona. Reserv\u00e1 gratis ahora. Aunque llueva se hace!\" \/>\n<meta name=\"robots\" content=\"index, follow, max-snippet:-1, max-image-preview:large, max-video-preview:-1\" \/>\n<link rel=\"canonical\" href=\"https:\/\/www.buenosairesfreewalks.com\/spanish\/free-tour-arte-urbano\/\" \/>\n<meta property=\"og:locale\" content=\"es_ES\" \/>\n<meta property=\"og:type\" content=\"article\" \/>\n<meta property=\"og:title\" content=\"Free Tour Arte Urbano en Palermo - Buenos Aires Free Walks\" \/>\n<meta property=\"og:description\" content=\"\u00danete al Free Tour Arte Urbano en Palermo. Tour en Ingl\u00e9s. u$d 10 por persona. Reserv\u00e1 gratis ahora. Aunque llueva se hace!\" \/>\n<meta property=\"og:url\" content=\"https:\/\/www.buenosairesfreewalks.com\/spanish\/free-tour-arte-urbano\/\" \/>\n<meta property=\"og:site_name\" content=\"Buenos Aires Free Walks\" \/>\n<meta property=\"article:modified_time\" content=\"2025-09-02T21:45:38+00:00\" \/>\n<meta property=\"og:image\" content=\"https:\/\/www.buenosairesfreewalks.com\/wp-content\/uploads\/2020\/02\/eng-2.png\" \/>\n<meta name=\"twitter:card\" content=\"summary_large_image\" \/>\n<meta name=\"twitter:label1\" content=\"Tiempo de lectura\" \/>\n\t<meta name=\"twitter:data1\" content=\"1 minuto\" \/>\n<!-- \/ Yoast SEO plugin. -->","yoast_head_json":{"title":"Free Tour Arte Urbano en Palermo - Buenos Aires Free Walks","description":"\u00danete al Free Tour Arte Urbano en Palermo. Tour en Ingl\u00e9s. u$d 10 por persona. Reserv\u00e1 gratis ahora. Aunque llueva se hace!","robots":{"index":"index","follow":"follow","max-snippet":"max-snippet:-1","max-image-preview":"max-image-preview:large","max-video-preview":"max-video-preview:-1"},"canonical":"https:\/\/www.buenosairesfreewalks.com\/spanish\/free-tour-arte-urbano\/","og_locale":"es_ES","og_type":"article","og_title":"Free Tour Arte Urbano en Palermo - Buenos Aires Free Walks","og_description":"\u00danete al Free Tour Arte Urbano en Palermo. Tour en Ingl\u00e9s. u$d 10 por persona. Reserv\u00e1 gratis ahora. Aunque llueva se hace!","og_url":"https:\/\/www.buenosairesfreewalks.com\/spanish\/free-tour-arte-urbano\/","og_site_name":"Buenos Aires Free Walks","article_modified_time":"2025-09-02T21:45:38+00:00","og_image":[{"url":"https:\/\/www.buenosairesfreewalks.com\/wp-content\/uploads\/2020\/02\/eng-2.png","type":"","width":"","height":""}],"twitter_card":"summary_large_image","twitter_misc":{"Tiempo de lectura":"1 minuto"},"schema":{"@context":"https:\/\/schema.org","@graph":[{"@type":"WebPage","@id":"https:\/\/www.buenosairesfreewalks.com\/spanish\/free-tour-arte-urbano\/","url":"https:\/\/www.buenosairesfreewalks.com\/spanish\/free-tour-arte-urbano\/","name":"Free Tour Arte Urbano en Palermo - Buenos Aires Free Walks","isPartOf":{"@id":"https:\/\/www.buenosairesfreewalks.com\/spanish\/#website"},"primaryImageOfPage":{"@id":"https:\/\/www.buenosairesfreewalks.com\/spanish\/free-tour-arte-urbano\/#primaryimage"},"image":{"@id":"https:\/\/www.buenosairesfreewalks.com\/spanish\/free-tour-arte-urbano\/#primaryimage"},"thumbnailUrl":"https:\/\/www.buenosairesfreewalks.com\/wp-content\/uploads\/2020\/02\/eng-2.png","datePublished":"2020-06-30T19:09:33+00:00","dateModified":"2025-09-02T21:45:38+00:00","description":"\u00danete al Free Tour Arte Urbano en Palermo. Tour en Ingl\u00e9s. u$d 10 por persona. Reserv\u00e1 gratis ahora. Aunque llueva se hace!","breadcrumb":{"@id":"https:\/\/www.buenosairesfreewalks.com\/spanish\/free-tour-arte-urbano\/#breadcrumb"},"inLanguage":"es-AR","potentialAction":[{"@type":"ReadAction","target":["https:\/\/www.buenosairesfreewalks.com\/spanish\/free-tour-arte-urbano\/"]}]},{"@type":"ImageObject","inLanguage":"es-AR","@id":"https:\/\/www.buenosairesfreewalks.com\/spanish\/free-tour-arte-urbano\/#primaryimage","url":"https:\/\/www.buenosairesfreewalks.com\/wp-content\/uploads\/2020\/02\/eng-2.png","contentUrl":"https:\/\/www.buenosairesfreewalks.com\/wp-content\/uploads\/2020\/02\/eng-2.png"},{"@type":"BreadcrumbList","@id":"https:\/\/www.buenosairesfreewalks.com\/spanish\/free-tour-arte-urbano\/#breadcrumb","itemListElement":[{"@type":"ListItem","position":1,"name":"Home","item":"https:\/\/www.buenosairesfreewalks.com\/spanish\/"},{"@type":"ListItem","position":2,"name":"Free Tour Arte Urbano"}]},{"@type":"WebSite","@id":"https:\/\/www.buenosairesfreewalks.com\/spanish\/#website","url":"https:\/\/www.buenosairesfreewalks.com\/spanish\/","name":"Buenos Aires Free Walks","description":"Los Mejores Tours Gratis en Buenos Aires","potentialAction":[{"@type":"SearchAction","target":{"@type":"EntryPoint","urlTemplate":"https:\/\/www.buenosairesfreewalks.com\/spanish\/?s={search_term_string}"},"query-input":{"@type":"PropertyValueSpecification","valueRequired":true,"valueName":"search_term_string"}}],"inLanguage":"es-AR"}]}},"jetpack_sharing_enabled":true,"_links":{"self":[{"href":"https:\/\/www.buenosairesfreewalks.com\/spanish\/wp-json\/wp\/v2\/pages\/4874","targetHints":{"allow":["GET"]}}],"collection":[{"href":"https:\/\/www.buenosairesfreewalks.com\/spanish\/wp-json\/wp\/v2\/pages"}],"about":[{"href":"https:\/\/www.buenosairesfreewalks.com\/spanish\/wp-json\/wp\/v2\/types\/page"}],"author":[{"embeddable":true,"href":"https:\/\/www.buenosairesfreewalks.com\/spanish\/wp-json\/wp\/v2\/users\/1"}],"replies":[{"embeddable":true,"href":"https:\/\/www.buenosairesfreewalks.com\/spanish\/wp-json\/wp\/v2\/comments?post=4874"}],"version-history":[{"count":14,"href":"https:\/\/www.buenosairesfreewalks.com\/spanish\/wp-json\/wp\/v2\/pages\/4874\/revisions"}],"predecessor-version":[{"id":16210,"href":"https:\/\/www.buenosairesfreewalks.com\/spanish\/wp-json\/wp\/v2\/pages\/4874\/revisions\/16210"}],"wp:attachment":[{"href":"https:\/\/www.buenosairesfreewalks.com\/spanish\/wp-json\/wp\/v2\/media?parent=4874"}],"curies":[{"name":"wp","href":"https:\/\/api.w.org\/{rel}","templated":true}]}}