{"id":4854,"date":"2020-06-25T16:50:14","date_gmt":"2020-06-25T19:50:14","guid":{"rendered":"https:\/\/www.buenosairesfreewalks.com\/spanish\/?page_id=4854"},"modified":"2021-05-04T14:51:36","modified_gmt":"2021-05-04T17:51:36","slug":"recorridosvirtuales","status":"publish","type":"page","link":"https:\/\/www.buenosairesfreewalks.com\/spanish\/recorridosvirtuales\/","title":{"rendered":"Recorridos Virtuales por Buenos Aires"},"content":{"rendered":"<div id=\"pl-4854\"  class=\"panel-layout\" ><div class=\"smartlib-blck-area\"><div class=\"container\"><div id=\"pg-4854-0\"  class=\"panel-grid panel-has-style\" ><div class=\"smartlib-widgets-panel-row panel-row-style panel-row-style-for-4854-0\" ><div id=\"pgc-4854-0-0\"  class=\"panel-grid-cell\" ><div id=\"panel-4854-0-0-0\" class=\"so-panel widget widget_black-studio-tinymce widget_black_studio_tinymce panel-first-child\" data-index=\"0\" ><div class=\"textwidget\"><p>&nbsp;<\/p>\n<p>&nbsp;<\/p>\n<p>&nbsp;<\/p>\n<p>&nbsp;<\/p>\n<p>&nbsp;<\/p>\n<\/div><\/div><div id=\"panel-4854-0-0-1\" class=\"so-panel widget widget_black-studio-tinymce widget_black_studio_tinymce panel-last-child\" data-index=\"1\" ><div class=\"textwidget\"><h4><\/h4>\n<h4><\/h4>\n<h4 style=\"text-align: center;\"><strong>RECORRIDOS VIRTUALES POR BUENOS AIRES<\/strong><\/h4>\n<p style=\"text-align: center;\">Somos<strong> n\u00b01 en tripadvisor<\/strong> en tours por la ciudad de Buenos Aires. Te compartimos estos videos para que puedas recorrer los diferentes barrios de Buenos Aires de forma virtual. Enterate de los secretos de cada zona de la ciudad<\/p>\n<h5 style=\"text-align: center;\">Record\u00e1 que pod\u00e9s sumarte a nuestros Tours Gratuitos por Propina. Recorridos al aire libre caminando donde vos decid\u00eds el valor. <a href=\"https:\/\/www.buenosairesfreewalks.com\/spanish\">Conoc\u00e9 todos los tours haciendo click aqu\u00ed.<\/a><\/h5>\n<\/div><\/div><\/div><\/div><\/div><\/div><\/div><div class=\"smartlib-blck-area\"><div class=\"container\"><div id=\"pg-4854-1\"  class=\"panel-grid panel-has-style\" ><div class=\"smartlib-widgets-panel-row panel-row-style panel-row-style-for-4854-1\" ><div id=\"pgc-4854-1-0\"  class=\"panel-grid-cell\" ><div id=\"panel-4854-1-0-0\" class=\"so-panel widget widget_sow-editor panel-first-child panel-last-child\" data-index=\"2\" ><div\n\t\t\t\n\t\t\tclass=\"so-widget-sow-editor so-widget-sow-editor-base\"\n\t\t\t\n\t\t>\n<div class=\"siteorigin-widget-tinymce textwidget\">\n\t<p><iframe loading=\"lazy\" width=\"560\" height=\"315\" src=\"https:\/\/www.youtube.com\/embed\/niTuBnwzNNk\" title=\"YouTube video player\" frameborder=\"0\" allow=\"accelerometer; autoplay; clipboard-write; encrypted-media; gyroscope; picture-in-picture\" allowfullscreen><\/iframe><\/p>\n<\/div>\n<\/div><\/div><\/div><div id=\"pgc-4854-1-1\"  class=\"panel-grid-cell\" ><div id=\"panel-4854-1-1-0\" class=\"so-panel widget widget_sow-editor panel-first-child panel-last-child\" data-index=\"3\" ><div\n\t\t\t\n\t\t\tclass=\"so-widget-sow-editor so-widget-sow-editor-base\"\n\t\t\t\n\t\t>\n<div class=\"siteorigin-widget-tinymce textwidget\">\n\t<p><iframe loading=\"lazy\" width=\"560\" height=\"315\" src=\"https:\/\/www.youtube.com\/embed\/fLP74wEhTaY\" title=\"YouTube video player\" frameborder=\"0\" allow=\"accelerometer; autoplay; clipboard-write; encrypted-media; gyroscope; picture-in-picture\" allowfullscreen><\/iframe><\/p>\n<\/div>\n<\/div><\/div><\/div><div id=\"pgc-4854-1-2\"  class=\"panel-grid-cell\" ><div id=\"panel-4854-1-2-0\" class=\"so-panel widget widget_sow-editor panel-first-child panel-last-child\" data-index=\"4\" ><div\n\t\t\t\n\t\t\tclass=\"so-widget-sow-editor so-widget-sow-editor-base\"\n\t\t\t\n\t\t>\n<div class=\"siteorigin-widget-tinymce textwidget\">\n\t<p><iframe loading=\"lazy\" width=\"560\" height=\"315\" src=\"https:\/\/www.youtube.com\/embed\/ww68LvcNXm4\" title=\"YouTube video player\" frameborder=\"0\" allow=\"accelerometer; autoplay; clipboard-write; encrypted-media; gyroscope; picture-in-picture\" allowfullscreen><\/iframe><\/p>\n<\/div>\n<\/div><\/div><\/div><\/div><\/div><\/div><\/div><div class=\"smartlib-blck-area\"><div class=\"container\"><div id=\"pg-4854-2\"  class=\"panel-grid panel-has-style\" ><div class=\"smartlib-widgets-panel-row panel-row-style panel-row-style-for-4854-2\" ><div id=\"pgc-4854-2-0\"  class=\"panel-grid-cell\" ><div id=\"panel-4854-2-0-0\" class=\"so-panel widget widget_sow-editor panel-first-child panel-last-child\" data-index=\"5\" ><div\n\t\t\t\n\t\t\tclass=\"so-widget-sow-editor so-widget-sow-editor-base\"\n\t\t\t\n\t\t>\n<div class=\"siteorigin-widget-tinymce textwidget\">\n\t<p><iframe loading=\"lazy\" width=\"560\" height=\"315\" src=\"https:\/\/www.youtube.com\/embed\/b6qkwwPgDww\" title=\"YouTube video player\" frameborder=\"0\" allow=\"accelerometer; autoplay; clipboard-write; encrypted-media; gyroscope; picture-in-picture\" allowfullscreen><\/iframe><\/p>\n<\/div>\n<\/div><\/div><\/div><div id=\"pgc-4854-2-1\"  class=\"panel-grid-cell\" ><div id=\"panel-4854-2-1-0\" class=\"so-panel widget widget_sow-editor panel-first-child panel-last-child\" data-index=\"6\" ><div\n\t\t\t\n\t\t\tclass=\"so-widget-sow-editor so-widget-sow-editor-base\"\n\t\t\t\n\t\t>\n<div class=\"siteorigin-widget-tinymce textwidget\">\n\t<p><iframe loading=\"lazy\" width=\"560\" height=\"315\" src=\"https:\/\/www.youtube.com\/embed\/BwAPoXY5O18\" title=\"YouTube video player\" frameborder=\"0\" allow=\"accelerometer; autoplay; clipboard-write; encrypted-media; gyroscope; picture-in-picture\" allowfullscreen><\/iframe><\/p>\n<\/div>\n<\/div><\/div><\/div><div id=\"pgc-4854-2-2\"  class=\"panel-grid-cell\" ><div id=\"panel-4854-2-2-0\" class=\"so-panel widget widget_sow-editor panel-first-child panel-last-child\" data-index=\"7\" ><div\n\t\t\t\n\t\t\tclass=\"so-widget-sow-editor so-widget-sow-editor-base\"\n\t\t\t\n\t\t>\n<div class=\"siteorigin-widget-tinymce textwidget\">\n\t<p><iframe loading=\"lazy\" width=\"560\" height=\"315\" src=\"https:\/\/www.youtube.com\/embed\/9FBYSjRD_tE\" title=\"YouTube video player\" frameborder=\"0\" allow=\"accelerometer; autoplay; clipboard-write; encrypted-media; gyroscope; picture-in-picture\" allowfullscreen><\/iframe><\/p>\n<\/div>\n<\/div><\/div><\/div><\/div><\/div><\/div><\/div><div class=\"smartlib-blck-area\"><div class=\"container\"><div id=\"pg-4854-3\"  class=\"panel-grid panel-has-style\" ><div class=\"smartlib-widgets-panel-row panel-row-style panel-row-style-for-4854-3\" ><div id=\"pgc-4854-3-0\"  class=\"panel-grid-cell\" ><div id=\"panel-4854-3-0-0\" class=\"so-panel widget widget_sow-editor panel-first-child panel-last-child\" data-index=\"8\" ><div\n\t\t\t\n\t\t\tclass=\"so-widget-sow-editor so-widget-sow-editor-base\"\n\t\t\t\n\t\t>\n<div class=\"siteorigin-widget-tinymce textwidget\">\n\t<p><iframe loading=\"lazy\" width=\"560\" height=\"315\" src=\"https:\/\/www.youtube.com\/embed\/9FBYSjRD_tE\" title=\"YouTube video player\" frameborder=\"0\" allow=\"accelerometer; autoplay; clipboard-write; encrypted-media; gyroscope; picture-in-picture\" allowfullscreen><\/iframe><\/p>\n<\/div>\n<\/div><\/div><\/div><div id=\"pgc-4854-3-1\"  class=\"panel-grid-cell\" ><div id=\"panel-4854-3-1-0\" class=\"so-panel widget widget_sow-editor panel-first-child panel-last-child\" data-index=\"9\" ><div\n\t\t\t\n\t\t\tclass=\"so-widget-sow-editor so-widget-sow-editor-base\"\n\t\t\t\n\t\t>\n<div class=\"siteorigin-widget-tinymce textwidget\">\n\t<p><iframe loading=\"lazy\" width=\"560\" height=\"315\" src=\"https:\/\/www.youtube.com\/embed\/SKSPSfsGh6o\" title=\"YouTube video player\" frameborder=\"0\" allow=\"accelerometer; autoplay; clipboard-write; encrypted-media; gyroscope; picture-in-picture\" allowfullscreen><\/iframe><\/p>\n<\/div>\n<\/div><\/div><\/div><div id=\"pgc-4854-3-2\"  class=\"panel-grid-cell\" ><div id=\"panel-4854-3-2-0\" class=\"so-panel widget widget_sow-editor panel-first-child panel-last-child\" data-index=\"10\" ><div\n\t\t\t\n\t\t\tclass=\"so-widget-sow-editor so-widget-sow-editor-base\"\n\t\t\t\n\t\t>\n<div class=\"siteorigin-widget-tinymce textwidget\">\n\t<p><iframe loading=\"lazy\" width=\"560\" height=\"315\" src=\"https:\/\/www.youtube.com\/embed\/TKWeN0OsGss\" title=\"YouTube video player\" frameborder=\"0\" allow=\"accelerometer; autoplay; clipboard-write; encrypted-media; gyroscope; picture-in-picture\" allowfullscreen><\/iframe><\/p>\n<\/div>\n<\/div><\/div><\/div><\/div><\/div><\/div><\/div><\/div>","protected":false},"excerpt":{"rendered":"<p>&nbsp; &nbsp; &nbsp; &nbsp; &nbsp; RECORRIDOS VIRTUALES POR BUENOS AIRES Somos n\u00b01 en tripadvisor en tours por la ciudad de Buenos Aires. Te compartimos estos videos para que puedas recorrer los diferentes barrios de Buenos Aires de forma virtual. Enterate de los secretos de cada zona de la ciudad Record\u00e1 que pod\u00e9s sumarte a nuestros [&hellip;]<\/p>\n","protected":false},"author":1,"featured_media":0,"parent":0,"menu_order":0,"comment_status":"closed","ping_status":"closed","template":"page-blocks.php","meta":{"footnotes":""},"class_list":["post-4854","page","type-page","status-publish","hentry"],"yoast_head":"<!-- This site is optimized with the Yoast SEO plugin v27.4 - https:\/\/yoast.com\/product\/yoast-seo-wordpress\/ -->\n<title>Recorridos Virtuales por Buenos Aires - Buenos Aires Free Walks<\/title>\n<meta name=\"description\" content=\"Disfruta de Recorridos Virtuales por Buenos Aires. Mir\u00e1 gratis los Videos que preparamos de los diferentes barrios porte\u00f1os.\" \/>\n<meta name=\"robots\" content=\"index, follow, max-snippet:-1, max-image-preview:large, max-video-preview:-1\" \/>\n<link rel=\"canonical\" href=\"https:\/\/www.buenosairesfreewalks.com\/spanish\/recorridosvirtuales\/\" \/>\n<meta property=\"og:locale\" content=\"es_ES\" \/>\n<meta property=\"og:type\" content=\"article\" \/>\n<meta property=\"og:title\" content=\"Recorridos Virtuales por Buenos Aires - Buenos Aires Free Walks\" \/>\n<meta property=\"og:description\" content=\"Disfruta de Recorridos Virtuales por Buenos Aires. Mir\u00e1 gratis los Videos que preparamos de los diferentes barrios porte\u00f1os.\" \/>\n<meta property=\"og:url\" content=\"https:\/\/www.buenosairesfreewalks.com\/spanish\/recorridosvirtuales\/\" \/>\n<meta property=\"og:site_name\" content=\"Buenos Aires Free Walks\" \/>\n<meta property=\"article:modified_time\" content=\"2021-05-04T17:51:36+00:00\" \/>\n<meta name=\"twitter:card\" content=\"summary_large_image\" \/>\n<!-- \/ Yoast SEO plugin. -->","yoast_head_json":{"title":"Recorridos Virtuales por Buenos Aires - Buenos Aires Free Walks","description":"Disfruta de Recorridos Virtuales por Buenos Aires. Mir\u00e1 gratis los Videos que preparamos de los diferentes barrios porte\u00f1os.","robots":{"index":"index","follow":"follow","max-snippet":"max-snippet:-1","max-image-preview":"max-image-preview:large","max-video-preview":"max-video-preview:-1"},"canonical":"https:\/\/www.buenosairesfreewalks.com\/spanish\/recorridosvirtuales\/","og_locale":"es_ES","og_type":"article","og_title":"Recorridos Virtuales por Buenos Aires - Buenos Aires Free Walks","og_description":"Disfruta de Recorridos Virtuales por Buenos Aires. Mir\u00e1 gratis los Videos que preparamos de los diferentes barrios porte\u00f1os.","og_url":"https:\/\/www.buenosairesfreewalks.com\/spanish\/recorridosvirtuales\/","og_site_name":"Buenos Aires Free Walks","article_modified_time":"2021-05-04T17:51:36+00:00","twitter_card":"summary_large_image","schema":{"@context":"https:\/\/schema.org","@graph":[{"@type":"WebPage","@id":"https:\/\/www.buenosairesfreewalks.com\/spanish\/recorridosvirtuales\/","url":"https:\/\/www.buenosairesfreewalks.com\/spanish\/recorridosvirtuales\/","name":"Recorridos Virtuales por Buenos Aires - Buenos Aires Free Walks","isPartOf":{"@id":"https:\/\/www.buenosairesfreewalks.com\/spanish\/#website"},"datePublished":"2020-06-25T19:50:14+00:00","dateModified":"2021-05-04T17:51:36+00:00","description":"Disfruta de Recorridos Virtuales por Buenos Aires. Mir\u00e1 gratis los Videos que preparamos de los diferentes barrios porte\u00f1os.","breadcrumb":{"@id":"https:\/\/www.buenosairesfreewalks.com\/spanish\/recorridosvirtuales\/#breadcrumb"},"inLanguage":"es-AR","potentialAction":[{"@type":"ReadAction","target":["https:\/\/www.buenosairesfreewalks.com\/spanish\/recorridosvirtuales\/"]}]},{"@type":"BreadcrumbList","@id":"https:\/\/www.buenosairesfreewalks.com\/spanish\/recorridosvirtuales\/#breadcrumb","itemListElement":[{"@type":"ListItem","position":1,"name":"Home","item":"https:\/\/www.buenosairesfreewalks.com\/spanish\/"},{"@type":"ListItem","position":2,"name":"Recorridos Virtuales por Buenos Aires"}]},{"@type":"WebSite","@id":"https:\/\/www.buenosairesfreewalks.com\/spanish\/#website","url":"https:\/\/www.buenosairesfreewalks.com\/spanish\/","name":"Buenos Aires Free Walks","description":"Los Mejores Tours Gratis en Buenos Aires","potentialAction":[{"@type":"SearchAction","target":{"@type":"EntryPoint","urlTemplate":"https:\/\/www.buenosairesfreewalks.com\/spanish\/?s={search_term_string}"},"query-input":{"@type":"PropertyValueSpecification","valueRequired":true,"valueName":"search_term_string"}}],"inLanguage":"es-AR"}]}},"jetpack_sharing_enabled":true,"_links":{"self":[{"href":"https:\/\/www.buenosairesfreewalks.com\/spanish\/wp-json\/wp\/v2\/pages\/4854","targetHints":{"allow":["GET"]}}],"collection":[{"href":"https:\/\/www.buenosairesfreewalks.com\/spanish\/wp-json\/wp\/v2\/pages"}],"about":[{"href":"https:\/\/www.buenosairesfreewalks.com\/spanish\/wp-json\/wp\/v2\/types\/page"}],"author":[{"embeddable":true,"href":"https:\/\/www.buenosairesfreewalks.com\/spanish\/wp-json\/wp\/v2\/users\/1"}],"replies":[{"embeddable":true,"href":"https:\/\/www.buenosairesfreewalks.com\/spanish\/wp-json\/wp\/v2\/comments?post=4854"}],"version-history":[{"count":220,"href":"https:\/\/www.buenosairesfreewalks.com\/spanish\/wp-json\/wp\/v2\/pages\/4854\/revisions"}],"predecessor-version":[{"id":12747,"href":"https:\/\/www.buenosairesfreewalks.com\/spanish\/wp-json\/wp\/v2\/pages\/4854\/revisions\/12747"}],"wp:attachment":[{"href":"https:\/\/www.buenosairesfreewalks.com\/spanish\/wp-json\/wp\/v2\/media?parent=4854"}],"curies":[{"name":"wp","href":"https:\/\/api.w.org\/{rel}","templated":true}]}}