{"id":3985,"date":"2018-08-21T15:29:43","date_gmt":"2018-08-21T18:29:43","guid":{"rendered":"https:\/\/www.buenosairesfreewalks.com\/spanish\/?page_id=3985"},"modified":"2025-01-21T16:25:39","modified_gmt":"2025-01-21T19:25:39","slug":"que-hacer-en-buenos-aires","status":"publish","type":"page","link":"https:\/\/www.buenosairesfreewalks.com\/spanish\/que-hacer-en-buenos-aires\/","title":{"rendered":"Qu\u00e9 hacer en Buenos Aires"},"content":{"rendered":"<div id=\"pl-3985\"  class=\"panel-layout\" ><div class=\"smartlib-blck-area\"><div class=\"container\"><div id=\"pg-3985-0\"  class=\"panel-grid panel-has-style\" ><div class=\"smartlib-widgets-panel-row panel-row-style panel-row-style-for-3985-0\" ><div id=\"pgc-3985-0-0\"  class=\"panel-grid-cell\" ><div id=\"panel-3985-0-0-0\" class=\"so-panel widget widget_black-studio-tinymce widget_black_studio_tinymce panel-first-child panel-last-child\" data-index=\"0\" ><div class=\"textwidget\"><h2 style=\"text-align: center;\">\u00bfQu\u00e9 hacer en Buenos Aires?<\/h2>\n<p style=\"text-align: justify;\">Descubri la maravillosa Ciudad de Buenos Aires. Aqu\u00ed encontrar\u00e1s Informaci\u00f3n Pr\u00e1ctica de la ciudad, d\u00f3nde alojarse, c\u00f3mo moverse por la ciudad. Adem\u00e1s, recomendamos un Itinerario de 4 d\u00edas en Buenos Aires con muchas acividades. Encontrar\u00e1s informaci\u00f3n por Barrio, Atracciones, Tips de qu\u00e9 comer y muchas cosas m\u00e1s. \u00a1Bienvenido a Buenos Aires!<\/p>\n<\/div><\/div><\/div><\/div><\/div><\/div><\/div><div class=\"smartlib-blck-area\"><div class=\"container\"><div id=\"pg-3985-1\"  class=\"panel-grid panel-has-style\" ><div class=\"smartlib-widgets-panel-row panel-row-style panel-row-style-for-3985-1\" ><div id=\"pgc-3985-1-0\"  class=\"panel-grid-cell panel-grid-cell-empty\" ><\/div><div id=\"pgc-3985-1-1\"  class=\"panel-grid-cell\" ><div id=\"panel-3985-1-1-0\" class=\"so-panel widget widget_sow-image panel-first-child panel-last-child\" data-index=\"1\" ><div\n\t\t\t\n\t\t\tclass=\"so-widget-sow-image so-widget-sow-image-default-c67d20f9f743-3985\"\n\t\t\t\n\t\t>\n<div class=\"sow-image-container\">\n\t\t\t<a href=\"https:\/\/www.buenosairesfreewalks.com\/spanish\/informacion-practica-de-buenos-aires\/\"\n\t\t\ttarget=\"_blank\" rel=\"noopener noreferrer\" \t\t>\n\t\t\t<img \n\tsrc=\"https:\/\/i0.wp.com\/www.buenosairesfreewalks.com\/spanish\/wp-content\/uploads\/2018\/08\/info.jpg?fit=600%2C300&amp;ssl=1\" width=\"600\" height=\"300\" srcset=\"https:\/\/i0.wp.com\/www.buenosairesfreewalks.com\/spanish\/wp-content\/uploads\/2018\/08\/info.jpg?w=600&amp;ssl=1 600w, https:\/\/i0.wp.com\/www.buenosairesfreewalks.com\/spanish\/wp-content\/uploads\/2018\/08\/info.jpg?resize=300%2C150&amp;ssl=1 300w\" alt=\"que hacer en buenos aires\" \t\tclass=\"so-widget-image\"\/>\n\t\t\t<\/a><\/div>\n\n<\/div><\/div><\/div><div id=\"pgc-3985-1-2\"  class=\"panel-grid-cell panel-grid-cell-mobile-last\" ><div id=\"panel-3985-1-2-0\" class=\"so-panel widget widget_sow-image panel-first-child panel-last-child\" data-index=\"2\" ><div\n\t\t\t\n\t\t\tclass=\"so-widget-sow-image so-widget-sow-image-default-c67d20f9f743-3985\"\n\t\t\t\n\t\t>\n<div class=\"sow-image-container\">\n\t\t\t<a href=\"https:\/\/www.buenosairesfreewalks.com\/spanish\/itinerario-buenos-aires-de-4-dias\/\"\n\t\t\ttarget=\"_blank\" rel=\"noopener noreferrer\" \t\t>\n\t\t\t<img \n\tsrc=\"https:\/\/i0.wp.com\/www.buenosairesfreewalks.com\/spanish\/wp-content\/uploads\/2018\/08\/itinerario.jpg?fit=600%2C300&amp;ssl=1\" width=\"600\" height=\"300\" srcset=\"https:\/\/i0.wp.com\/www.buenosairesfreewalks.com\/spanish\/wp-content\/uploads\/2018\/08\/itinerario.jpg?w=600&amp;ssl=1 600w, https:\/\/i0.wp.com\/www.buenosairesfreewalks.com\/spanish\/wp-content\/uploads\/2018\/08\/itinerario.jpg?resize=300%2C150&amp;ssl=1 300w\" alt=\"que hacer en buenos aires\" \t\tclass=\"so-widget-image\"\/>\n\t\t\t<\/a><\/div>\n\n<\/div><\/div><\/div><div id=\"pgc-3985-1-3\"  class=\"panel-grid-cell panel-grid-cell-empty\" ><\/div><\/div><\/div><\/div><\/div><div class=\"smartlib-blck-area\"><div class=\"container\"><div id=\"pg-3985-2\"  class=\"panel-grid panel-has-style\" ><div class=\"smartlib-widgets-panel-row panel-row-style panel-row-style-for-3985-2\" ><div id=\"pgc-3985-2-0\"  class=\"panel-grid-cell\" ><div id=\"panel-3985-2-0-0\" class=\"so-panel widget widget_sow-editor panel-first-child panel-last-child\" data-index=\"3\" ><div\n\t\t\t\n\t\t\tclass=\"so-widget-sow-editor so-widget-sow-editor-base\"\n\t\t\t\n\t\t>\n<div class=\"siteorigin-widget-tinymce textwidget\">\n\t<p>&nbsp;<\/p>\n<p>&nbsp;<\/p>\n<\/div>\n<\/div><\/div><\/div><\/div><\/div><\/div><\/div><div class=\"smartlib-blck-area\"><div class=\"container\"><div id=\"pg-3985-3\"  class=\"panel-grid panel-has-style\" ><div class=\"smartlib-widgets-panel-row panel-row-style panel-row-style-for-3985-3\" ><div id=\"pgc-3985-3-0\"  class=\"panel-grid-cell panel-grid-cell-empty\" ><\/div><div id=\"pgc-3985-3-1\"  class=\"panel-grid-cell\" ><div id=\"panel-3985-3-1-0\" class=\"so-panel widget widget_sow-image panel-first-child panel-last-child\" data-index=\"4\" ><div\n\t\t\t\n\t\t\tclass=\"so-widget-sow-image so-widget-sow-image-default-c67d20f9f743-3985\"\n\t\t\t\n\t\t>\n<div class=\"sow-image-container\">\n\t\t\t<a href=\"https:\/\/www.buenosairesfreewalks.com\/spanish\/barrios-de-buenos-aires\/\"\n\t\t\ttarget=\"_blank\" rel=\"noopener noreferrer\" \t\t>\n\t\t\t<img \n\tsrc=\"https:\/\/i0.wp.com\/www.buenosairesfreewalks.com\/spanish\/wp-content\/uploads\/2018\/08\/barrios.jpg?fit=600%2C300&amp;ssl=1\" width=\"600\" height=\"300\" srcset=\"https:\/\/i0.wp.com\/www.buenosairesfreewalks.com\/spanish\/wp-content\/uploads\/2018\/08\/barrios.jpg?w=600&amp;ssl=1 600w, https:\/\/i0.wp.com\/www.buenosairesfreewalks.com\/spanish\/wp-content\/uploads\/2018\/08\/barrios.jpg?resize=300%2C150&amp;ssl=1 300w\" alt=\"\" \t\tclass=\"so-widget-image\"\/>\n\t\t\t<\/a><\/div>\n\n<\/div><\/div><\/div><div id=\"pgc-3985-3-2\"  class=\"panel-grid-cell panel-grid-cell-mobile-last\" ><div id=\"panel-3985-3-2-0\" class=\"so-panel widget widget_sow-image panel-first-child panel-last-child\" data-index=\"5\" ><div\n\t\t\t\n\t\t\tclass=\"so-widget-sow-image so-widget-sow-image-default-c67d20f9f743-3985\"\n\t\t\t\n\t\t>\n<div class=\"sow-image-container\">\n\t\t\t<a href=\"https:\/\/www.buenosairesfreewalks.com\/spanish\/que-comer-en-buenos-aires\/\"\n\t\t\ttarget=\"_blank\" rel=\"noopener noreferrer\" \t\t>\n\t\t\t<img \n\tsrc=\"https:\/\/i0.wp.com\/www.buenosairesfreewalks.com\/spanish\/wp-content\/uploads\/2018\/08\/comer.jpg?fit=600%2C300&amp;ssl=1\" width=\"600\" height=\"300\" srcset=\"https:\/\/i0.wp.com\/www.buenosairesfreewalks.com\/spanish\/wp-content\/uploads\/2018\/08\/comer.jpg?w=600&amp;ssl=1 600w, https:\/\/i0.wp.com\/www.buenosairesfreewalks.com\/spanish\/wp-content\/uploads\/2018\/08\/comer.jpg?resize=300%2C150&amp;ssl=1 300w\" alt=\"\" \t\tclass=\"so-widget-image\"\/>\n\t\t\t<\/a><\/div>\n\n<\/div><\/div><\/div><div id=\"pgc-3985-3-3\"  class=\"panel-grid-cell panel-grid-cell-empty\" ><\/div><\/div><\/div><\/div><\/div><div class=\"smartlib-blck-area\"><div class=\"container\"><div id=\"pg-3985-4\"  class=\"panel-grid panel-has-style\" ><div class=\"smartlib-widgets-panel-row panel-row-style panel-row-style-for-3985-4\" ><div id=\"pgc-3985-4-0\"  class=\"panel-grid-cell\" ><div id=\"panel-3985-4-0-0\" class=\"so-panel widget widget_sow-editor panel-first-child panel-last-child\" data-index=\"6\" ><div\n\t\t\t\n\t\t\tclass=\"so-widget-sow-editor so-widget-sow-editor-base\"\n\t\t\t\n\t\t>\n<div class=\"siteorigin-widget-tinymce textwidget\">\n\t<p>&nbsp;<\/p>\n<p>&nbsp;<\/p>\n<\/div>\n<\/div><\/div><\/div><\/div><\/div><\/div><\/div><div class=\"smartlib-blck-area\"><div class=\"container\"><div id=\"pg-3985-5\"  class=\"panel-grid panel-has-style\" ><div class=\"smartlib-widgets-panel-row panel-row-style panel-row-style-for-3985-5\" ><div id=\"pgc-3985-5-0\"  class=\"panel-grid-cell panel-grid-cell-empty\" ><\/div><div id=\"pgc-3985-5-1\"  class=\"panel-grid-cell\" ><div id=\"panel-3985-5-1-0\" class=\"so-panel widget widget_sow-image panel-first-child panel-last-child\" data-index=\"7\" ><div\n\t\t\t\n\t\t\tclass=\"so-widget-sow-image so-widget-sow-image-default-c67d20f9f743-3985\"\n\t\t\t\n\t\t>\n<div class=\"sow-image-container\">\n\t\t\t<a href=\"https:\/\/www.buenosairesfreewalks.com\/spanish\/que-ver-en-buenos-aires\/\"\n\t\t\ttarget=\"_blank\" rel=\"noopener noreferrer\" \t\t>\n\t\t\t<img \n\tsrc=\"https:\/\/i0.wp.com\/www.buenosairesfreewalks.com\/spanish\/wp-content\/uploads\/2018\/08\/que-ver.jpg?fit=600%2C300&amp;ssl=1\" width=\"600\" height=\"300\" srcset=\"https:\/\/i0.wp.com\/www.buenosairesfreewalks.com\/spanish\/wp-content\/uploads\/2018\/08\/que-ver.jpg?w=600&amp;ssl=1 600w, https:\/\/i0.wp.com\/www.buenosairesfreewalks.com\/spanish\/wp-content\/uploads\/2018\/08\/que-ver.jpg?resize=300%2C150&amp;ssl=1 300w\" alt=\"\" \t\tclass=\"so-widget-image\"\/>\n\t\t\t<\/a><\/div>\n\n<\/div><\/div><\/div><div id=\"pgc-3985-5-2\"  class=\"panel-grid-cell panel-grid-cell-mobile-last\" ><div id=\"panel-3985-5-2-0\" class=\"so-panel widget widget_sow-image panel-first-child panel-last-child\" data-index=\"8\" ><div\n\t\t\t\n\t\t\tclass=\"so-widget-sow-image so-widget-sow-image-default-c67d20f9f743-3985\"\n\t\t\t\n\t\t>\n<div class=\"sow-image-container\">\n\t\t\t<a href=\"https:\/\/www.buenosairesfreewalks.com\/spanish\/museos-de-buenos-aires\/\"\n\t\t\ttarget=\"_blank\" rel=\"noopener noreferrer\" \t\t>\n\t\t\t<img \n\tsrc=\"https:\/\/i0.wp.com\/www.buenosairesfreewalks.com\/spanish\/wp-content\/uploads\/2025\/01\/museos.webp?fit=600%2C300&amp;ssl=1\" width=\"600\" height=\"300\" srcset=\"https:\/\/i0.wp.com\/www.buenosairesfreewalks.com\/spanish\/wp-content\/uploads\/2025\/01\/museos.webp?w=600&amp;ssl=1 600w, https:\/\/i0.wp.com\/www.buenosairesfreewalks.com\/spanish\/wp-content\/uploads\/2025\/01\/museos.webp?resize=300%2C150&amp;ssl=1 300w\" alt=\"museos\" \t\tclass=\"so-widget-image\"\/>\n\t\t\t<\/a><\/div>\n\n<\/div><\/div><\/div><div id=\"pgc-3985-5-3\"  class=\"panel-grid-cell panel-grid-cell-empty\" ><\/div><\/div><\/div><\/div><\/div><div class=\"smartlib-blck-area\"><div class=\"container\"><div id=\"pg-3985-6\"  class=\"panel-grid panel-has-style\" ><div class=\"smartlib-widgets-panel-row panel-row-style panel-row-style-for-3985-6\" ><div id=\"pgc-3985-6-0\"  class=\"panel-grid-cell\" ><div id=\"panel-3985-6-0-0\" class=\"so-panel widget widget_sow-editor panel-first-child panel-last-child\" data-index=\"9\" ><div\n\t\t\t\n\t\t\tclass=\"so-widget-sow-editor so-widget-sow-editor-base\"\n\t\t\t\n\t\t>\n<div class=\"siteorigin-widget-tinymce textwidget\">\n\t<p>&nbsp;<\/p>\n<p>&nbsp;<\/p>\n<\/div>\n<\/div><\/div><\/div><\/div><\/div><\/div><\/div><div class=\"smartlib-blck-area\"><div class=\"container\"><div id=\"pg-3985-7\"  class=\"panel-grid panel-has-style\" ><div class=\"smartlib-widgets-panel-row panel-row-style panel-row-style-for-3985-7\" ><div id=\"pgc-3985-7-0\"  class=\"panel-grid-cell panel-grid-cell-empty\" ><\/div><div id=\"pgc-3985-7-1\"  class=\"panel-grid-cell\" ><div id=\"panel-3985-7-1-0\" class=\"so-panel widget widget_sow-image panel-first-child panel-last-child\" data-index=\"10\" ><div\n\t\t\t\n\t\t\tclass=\"so-widget-sow-image so-widget-sow-image-default-c67d20f9f743-3985\"\n\t\t\t\n\t\t>\n<div class=\"sow-image-container\">\n\t\t\t<a href=\"https:\/\/www.buenosairesfreewalks.com\/spanish\/viajar-por-argentina\/\"\n\t\t\ttarget=\"_blank\" rel=\"noopener noreferrer\" \t\t>\n\t\t\t<img \n\tsrc=\"https:\/\/i0.wp.com\/www.buenosairesfreewalks.com\/spanish\/wp-content\/uploads\/2018\/08\/argentinaa.jpg?fit=600%2C300&amp;ssl=1\" width=\"600\" height=\"300\" srcset=\"https:\/\/i0.wp.com\/www.buenosairesfreewalks.com\/spanish\/wp-content\/uploads\/2018\/08\/argentinaa.jpg?w=600&amp;ssl=1 600w, https:\/\/i0.wp.com\/www.buenosairesfreewalks.com\/spanish\/wp-content\/uploads\/2018\/08\/argentinaa.jpg?resize=300%2C150&amp;ssl=1 300w\" alt=\"\" \t\tclass=\"so-widget-image\"\/>\n\t\t\t<\/a><\/div>\n\n<\/div><\/div><\/div><div id=\"pgc-3985-7-2\"  class=\"panel-grid-cell panel-grid-cell-empty panel-grid-cell-mobile-last\" ><\/div><div id=\"pgc-3985-7-3\"  class=\"panel-grid-cell panel-grid-cell-empty\" ><\/div><\/div><\/div><\/div><\/div><\/div>","protected":false},"excerpt":{"rendered":"<p>\u00bfQu\u00e9 hacer en Buenos Aires? Descubri la maravillosa Ciudad de Buenos Aires. Aqu\u00ed encontrar\u00e1s Informaci\u00f3n Pr\u00e1ctica de la ciudad, d\u00f3nde alojarse, c\u00f3mo moverse por la ciudad. Adem\u00e1s, recomendamos un Itinerario de 4 d\u00edas en Buenos Aires con muchas acividades. Encontrar\u00e1s informaci\u00f3n por Barrio, Atracciones, Tips de qu\u00e9 comer y muchas cosas m\u00e1s. \u00a1Bienvenido a Buenos [&hellip;]<\/p>\n","protected":false},"author":1,"featured_media":0,"parent":0,"menu_order":0,"comment_status":"closed","ping_status":"closed","template":"","meta":{"footnotes":""},"class_list":["post-3985","page","type-page","status-publish","hentry"],"yoast_head":"<!-- This site is optimized with the Yoast SEO plugin v27.3 - https:\/\/yoast.com\/product\/yoast-seo-wordpress\/ -->\n<title>Qu\u00e9 hacer en Buenos Aires | Buenos Aires Free Walks<\/title>\n<meta name=\"description\" content=\"Qu\u00e9 hacer en Buenos Aires: informaci\u00f3n pr\u00e1ctica, itinerarios, qu\u00e9 comer en la ciudad, viajar por Argentina, las mejores actividades y mucho m\u00e1s.\" \/>\n<meta name=\"robots\" content=\"index, follow, max-snippet:-1, max-image-preview:large, max-video-preview:-1\" \/>\n<link rel=\"canonical\" href=\"https:\/\/www.buenosairesfreewalks.com\/spanish\/que-hacer-en-buenos-aires\/\" \/>\n<meta property=\"og:locale\" content=\"es_ES\" \/>\n<meta property=\"og:type\" content=\"article\" \/>\n<meta property=\"og:title\" content=\"Qu\u00e9 hacer en Buenos Aires | Buenos Aires Free Walks\" \/>\n<meta property=\"og:description\" content=\"Qu\u00e9 hacer en Buenos Aires: informaci\u00f3n pr\u00e1ctica, itinerarios, qu\u00e9 comer en la ciudad, viajar por Argentina, las mejores actividades y mucho m\u00e1s.\" \/>\n<meta property=\"og:url\" content=\"https:\/\/www.buenosairesfreewalks.com\/spanish\/que-hacer-en-buenos-aires\/\" \/>\n<meta property=\"og:site_name\" content=\"Buenos Aires Free Walks\" \/>\n<meta property=\"article:modified_time\" content=\"2025-01-21T19:25:39+00:00\" \/>\n<meta name=\"twitter:card\" content=\"summary_large_image\" \/>\n<meta name=\"twitter:label1\" content=\"Tiempo de lectura\" \/>\n\t<meta name=\"twitter:data1\" content=\"2 minutos\" \/>\n<!-- \/ Yoast SEO plugin. -->","yoast_head_json":{"title":"Qu\u00e9 hacer en Buenos Aires | Buenos Aires Free Walks","description":"Qu\u00e9 hacer en Buenos Aires: informaci\u00f3n pr\u00e1ctica, itinerarios, qu\u00e9 comer en la ciudad, viajar por Argentina, las mejores actividades y mucho m\u00e1s.","robots":{"index":"index","follow":"follow","max-snippet":"max-snippet:-1","max-image-preview":"max-image-preview:large","max-video-preview":"max-video-preview:-1"},"canonical":"https:\/\/www.buenosairesfreewalks.com\/spanish\/que-hacer-en-buenos-aires\/","og_locale":"es_ES","og_type":"article","og_title":"Qu\u00e9 hacer en Buenos Aires | Buenos Aires Free Walks","og_description":"Qu\u00e9 hacer en Buenos Aires: informaci\u00f3n pr\u00e1ctica, itinerarios, qu\u00e9 comer en la ciudad, viajar por Argentina, las mejores actividades y mucho m\u00e1s.","og_url":"https:\/\/www.buenosairesfreewalks.com\/spanish\/que-hacer-en-buenos-aires\/","og_site_name":"Buenos Aires Free Walks","article_modified_time":"2025-01-21T19:25:39+00:00","twitter_card":"summary_large_image","twitter_misc":{"Tiempo de lectura":"2 minutos"},"schema":{"@context":"https:\/\/schema.org","@graph":[{"@type":"WebPage","@id":"https:\/\/www.buenosairesfreewalks.com\/spanish\/que-hacer-en-buenos-aires\/","url":"https:\/\/www.buenosairesfreewalks.com\/spanish\/que-hacer-en-buenos-aires\/","name":"Qu\u00e9 hacer en Buenos Aires | Buenos Aires Free Walks","isPartOf":{"@id":"https:\/\/www.buenosairesfreewalks.com\/spanish\/#website"},"datePublished":"2018-08-21T18:29:43+00:00","dateModified":"2025-01-21T19:25:39+00:00","description":"Qu\u00e9 hacer en Buenos Aires: informaci\u00f3n pr\u00e1ctica, itinerarios, qu\u00e9 comer en la ciudad, viajar por Argentina, las mejores actividades y mucho m\u00e1s.","breadcrumb":{"@id":"https:\/\/www.buenosairesfreewalks.com\/spanish\/que-hacer-en-buenos-aires\/#breadcrumb"},"inLanguage":"es-AR","potentialAction":[{"@type":"ReadAction","target":["https:\/\/www.buenosairesfreewalks.com\/spanish\/que-hacer-en-buenos-aires\/"]}]},{"@type":"BreadcrumbList","@id":"https:\/\/www.buenosairesfreewalks.com\/spanish\/que-hacer-en-buenos-aires\/#breadcrumb","itemListElement":[{"@type":"ListItem","position":1,"name":"Home","item":"https:\/\/www.buenosairesfreewalks.com\/spanish\/"},{"@type":"ListItem","position":2,"name":"Qu\u00e9 hacer en Buenos Aires"}]},{"@type":"WebSite","@id":"https:\/\/www.buenosairesfreewalks.com\/spanish\/#website","url":"https:\/\/www.buenosairesfreewalks.com\/spanish\/","name":"Buenos Aires Free Walks","description":"Los Mejores Tours Gratis en Buenos Aires","potentialAction":[{"@type":"SearchAction","target":{"@type":"EntryPoint","urlTemplate":"https:\/\/www.buenosairesfreewalks.com\/spanish\/?s={search_term_string}"},"query-input":{"@type":"PropertyValueSpecification","valueRequired":true,"valueName":"search_term_string"}}],"inLanguage":"es-AR"}]}},"jetpack_sharing_enabled":true,"_links":{"self":[{"href":"https:\/\/www.buenosairesfreewalks.com\/spanish\/wp-json\/wp\/v2\/pages\/3985","targetHints":{"allow":["GET"]}}],"collection":[{"href":"https:\/\/www.buenosairesfreewalks.com\/spanish\/wp-json\/wp\/v2\/pages"}],"about":[{"href":"https:\/\/www.buenosairesfreewalks.com\/spanish\/wp-json\/wp\/v2\/types\/page"}],"author":[{"embeddable":true,"href":"https:\/\/www.buenosairesfreewalks.com\/spanish\/wp-json\/wp\/v2\/users\/1"}],"replies":[{"embeddable":true,"href":"https:\/\/www.buenosairesfreewalks.com\/spanish\/wp-json\/wp\/v2\/comments?post=3985"}],"version-history":[{"count":15,"href":"https:\/\/www.buenosairesfreewalks.com\/spanish\/wp-json\/wp\/v2\/pages\/3985\/revisions"}],"predecessor-version":[{"id":15890,"href":"https:\/\/www.buenosairesfreewalks.com\/spanish\/wp-json\/wp\/v2\/pages\/3985\/revisions\/15890"}],"wp:attachment":[{"href":"https:\/\/www.buenosairesfreewalks.com\/spanish\/wp-json\/wp\/v2\/media?parent=3985"}],"curies":[{"name":"wp","href":"https:\/\/api.w.org\/{rel}","templated":true}]}}