{"id":2079,"date":"2016-01-28T00:07:14","date_gmt":"2016-01-28T00:07:14","guid":{"rendered":"http:\/\/www.buenosairesfreewalks.com\/spanish\/?page_id=2079"},"modified":"2016-02-16T19:52:33","modified_gmt":"2016-02-16T22:52:33","slug":"tours-privados","status":"publish","type":"page","link":"https:\/\/www.buenosairesfreewalks.com\/spanish\/tours-privados\/","title":{"rendered":"Tours Privados"},"content":{"rendered":"<h2>Buscan un tour privado?<\/h2>\n<p><a href=\"https:\/\/i0.wp.com\/www.buenosairesfreewalks.com\/spanish\/wp-content\/uploads\/2016\/01\/buenos-aires-free-walks-tours-grupales-1.jpg\" rel=\"attachment wp-att-2080\"><img data-recalc-dims=\"1\" loading=\"lazy\" decoding=\"async\" class=\"size-full wp-image-2080 aligncenter\" src=\"https:\/\/i0.wp.com\/www.buenosairesfreewalks.com\/spanish\/wp-content\/uploads\/2016\/01\/buenos-aires-free-walks-tours-grupales-1.jpg?resize=600%2C311\" alt=\"buenos-aires-free-walks-tours-grupales\" width=\"600\" height=\"311\" srcset=\"https:\/\/i0.wp.com\/www.buenosairesfreewalks.com\/spanish\/wp-content\/uploads\/2016\/01\/buenos-aires-free-walks-tours-grupales-1.jpg?w=600&amp;ssl=1 600w, https:\/\/i0.wp.com\/www.buenosairesfreewalks.com\/spanish\/wp-content\/uploads\/2016\/01\/buenos-aires-free-walks-tours-grupales-1.jpg?resize=300%2C156&amp;ssl=1 300w\" sizes=\"auto, (max-width: 600px) 100vw, 600px\" \/><\/a><\/p>\n<p>Si son un grupo grande de gente y quieren un tour especial para ustedes, cont\u00e1ctense con nosotros y les brindaremos m\u00e1s informaci\u00f3n sobre los precios y servicios.<\/p>\n<p>&nbsp;<\/p>\n","protected":false},"excerpt":{"rendered":"<p>Buscan un tour privado? Si son un grupo grande de gente y quieren un tour especial para ustedes, cont\u00e1ctense con nosotros y les brindaremos m\u00e1s informaci\u00f3n sobre los precios y servicios. &nbsp;<\/p>\n","protected":false},"author":1,"featured_media":0,"parent":0,"menu_order":0,"comment_status":"closed","ping_status":"closed","template":"","meta":{"footnotes":""},"class_list":["post-2079","page","type-page","status-publish","hentry"],"yoast_head":"<!-- This site is optimized with the Yoast SEO plugin v27.0 - https:\/\/yoast.com\/product\/yoast-seo-wordpress\/ -->\n<title>Tours Privados - Buenos Aires Free Walks<\/title>\n<meta name=\"robots\" content=\"index, follow, max-snippet:-1, max-image-preview:large, max-video-preview:-1\" \/>\n<link rel=\"canonical\" href=\"https:\/\/www.buenosairesfreewalks.com\/spanish\/tours-privados\/\" \/>\n<meta property=\"og:locale\" content=\"es_ES\" \/>\n<meta property=\"og:type\" content=\"article\" \/>\n<meta property=\"og:title\" content=\"Tours Privados - Buenos Aires Free Walks\" \/>\n<meta property=\"og:description\" content=\"Buscan un tour privado? Si son un grupo grande de gente y quieren un tour especial para ustedes, cont\u00e1ctense con nosotros y les brindaremos m\u00e1s informaci\u00f3n sobre los precios y servicios. &nbsp;\" \/>\n<meta property=\"og:url\" content=\"https:\/\/www.buenosairesfreewalks.com\/spanish\/tours-privados\/\" \/>\n<meta property=\"og:site_name\" content=\"Buenos Aires Free Walks\" \/>\n<meta property=\"article:modified_time\" content=\"2016-02-16T22:52:33+00:00\" \/>\n<meta property=\"og:image\" content=\"http:\/\/www.buenosairesfreewalks.com\/spanish\/wp-content\/uploads\/2016\/01\/buenos-aires-free-walks-tours-grupales-1.jpg\" \/>\n<meta name=\"twitter:card\" content=\"summary_large_image\" \/>\n<!-- \/ Yoast SEO plugin. -->","yoast_head_json":{"title":"Tours Privados - Buenos Aires Free Walks","robots":{"index":"index","follow":"follow","max-snippet":"max-snippet:-1","max-image-preview":"max-image-preview:large","max-video-preview":"max-video-preview:-1"},"canonical":"https:\/\/www.buenosairesfreewalks.com\/spanish\/tours-privados\/","og_locale":"es_ES","og_type":"article","og_title":"Tours Privados - Buenos Aires Free Walks","og_description":"Buscan un tour privado? Si son un grupo grande de gente y quieren un tour especial para ustedes, cont\u00e1ctense con nosotros y les brindaremos m\u00e1s informaci\u00f3n sobre los precios y servicios. &nbsp;","og_url":"https:\/\/www.buenosairesfreewalks.com\/spanish\/tours-privados\/","og_site_name":"Buenos Aires Free Walks","article_modified_time":"2016-02-16T22:52:33+00:00","og_image":[{"url":"http:\/\/www.buenosairesfreewalks.com\/spanish\/wp-content\/uploads\/2016\/01\/buenos-aires-free-walks-tours-grupales-1.jpg","type":"","width":"","height":""}],"twitter_card":"summary_large_image","schema":{"@context":"https:\/\/schema.org","@graph":[{"@type":"WebPage","@id":"https:\/\/www.buenosairesfreewalks.com\/spanish\/tours-privados\/","url":"https:\/\/www.buenosairesfreewalks.com\/spanish\/tours-privados\/","name":"Tours Privados - Buenos Aires Free Walks","isPartOf":{"@id":"https:\/\/www.buenosairesfreewalks.com\/spanish\/#website"},"primaryImageOfPage":{"@id":"https:\/\/www.buenosairesfreewalks.com\/spanish\/tours-privados\/#primaryimage"},"image":{"@id":"https:\/\/www.buenosairesfreewalks.com\/spanish\/tours-privados\/#primaryimage"},"thumbnailUrl":"http:\/\/www.buenosairesfreewalks.com\/spanish\/wp-content\/uploads\/2016\/01\/buenos-aires-free-walks-tours-grupales-1.jpg","datePublished":"2016-01-28T00:07:14+00:00","dateModified":"2016-02-16T22:52:33+00:00","breadcrumb":{"@id":"https:\/\/www.buenosairesfreewalks.com\/spanish\/tours-privados\/#breadcrumb"},"inLanguage":"es-AR","potentialAction":[{"@type":"ReadAction","target":["https:\/\/www.buenosairesfreewalks.com\/spanish\/tours-privados\/"]}]},{"@type":"ImageObject","inLanguage":"es-AR","@id":"https:\/\/www.buenosairesfreewalks.com\/spanish\/tours-privados\/#primaryimage","url":"http:\/\/www.buenosairesfreewalks.com\/spanish\/wp-content\/uploads\/2016\/01\/buenos-aires-free-walks-tours-grupales-1.jpg","contentUrl":"http:\/\/www.buenosairesfreewalks.com\/spanish\/wp-content\/uploads\/2016\/01\/buenos-aires-free-walks-tours-grupales-1.jpg"},{"@type":"BreadcrumbList","@id":"https:\/\/www.buenosairesfreewalks.com\/spanish\/tours-privados\/#breadcrumb","itemListElement":[{"@type":"ListItem","position":1,"name":"Home","item":"https:\/\/www.buenosairesfreewalks.com\/spanish\/"},{"@type":"ListItem","position":2,"name":"Tours Privados"}]},{"@type":"WebSite","@id":"https:\/\/www.buenosairesfreewalks.com\/spanish\/#website","url":"https:\/\/www.buenosairesfreewalks.com\/spanish\/","name":"Buenos Aires Free Walks","description":"Los Mejores Tours Gratis en Buenos Aires","potentialAction":[{"@type":"SearchAction","target":{"@type":"EntryPoint","urlTemplate":"https:\/\/www.buenosairesfreewalks.com\/spanish\/?s={search_term_string}"},"query-input":{"@type":"PropertyValueSpecification","valueRequired":true,"valueName":"search_term_string"}}],"inLanguage":"es-AR"}]}},"jetpack_sharing_enabled":true,"_links":{"self":[{"href":"https:\/\/www.buenosairesfreewalks.com\/spanish\/wp-json\/wp\/v2\/pages\/2079","targetHints":{"allow":["GET"]}}],"collection":[{"href":"https:\/\/www.buenosairesfreewalks.com\/spanish\/wp-json\/wp\/v2\/pages"}],"about":[{"href":"https:\/\/www.buenosairesfreewalks.com\/spanish\/wp-json\/wp\/v2\/types\/page"}],"author":[{"embeddable":true,"href":"https:\/\/www.buenosairesfreewalks.com\/spanish\/wp-json\/wp\/v2\/users\/1"}],"replies":[{"embeddable":true,"href":"https:\/\/www.buenosairesfreewalks.com\/spanish\/wp-json\/wp\/v2\/comments?post=2079"}],"version-history":[{"count":1,"href":"https:\/\/www.buenosairesfreewalks.com\/spanish\/wp-json\/wp\/v2\/pages\/2079\/revisions"}],"predecessor-version":[{"id":2081,"href":"https:\/\/www.buenosairesfreewalks.com\/spanish\/wp-json\/wp\/v2\/pages\/2079\/revisions\/2081"}],"wp:attachment":[{"href":"https:\/\/www.buenosairesfreewalks.com\/spanish\/wp-json\/wp\/v2\/media?parent=2079"}],"curies":[{"name":"wp","href":"https:\/\/api.w.org\/{rel}","templated":true}]}}