{"id":16165,"date":"2025-08-25T17:39:36","date_gmt":"2025-08-25T20:39:36","guid":{"rendered":"https:\/\/www.buenosairesfreewalks.com\/spanish\/?page_id=16165"},"modified":"2025-12-29T09:32:27","modified_gmt":"2025-12-29T12:32:27","slug":"free-tour-cementerio-chacarita","status":"publish","type":"page","link":"https:\/\/www.buenosairesfreewalks.com\/spanish\/free-tour-cementerio-chacarita\/","title":{"rendered":"Free Tour Cementerio Chacarita"},"content":{"rendered":"<div id=\"pl-16165\"  class=\"panel-layout\" ><div class=\"smartlib-blck-area\"><div class=\"container\"><div id=\"pg-16165-0\"  class=\"panel-grid panel-has-style\" ><div class=\"smartlib-widgets-panel-row panel-row-style panel-row-style-for-16165-0\" ><div id=\"pgc-16165-0-0\"  class=\"panel-grid-cell\" ><div id=\"panel-16165-0-0-0\" class=\"so-panel widget widget_sow-editor panel-first-child\" data-index=\"0\" ><div\n\t\t\t\n\t\t\tclass=\"so-widget-sow-editor so-widget-sow-editor-base\"\n\t\t\t\n\t\t>\n<div class=\"siteorigin-widget-tinymce textwidget\">\n\t<h5 style=\"text-align: center;\">TOUR NO DISPONIBLE<\/h5>\n<p style=\"text-align: center;\">Te esperamos en nuestros otros free tours<a href=\"https:\/\/www.buenosairesfreewalks.com\/spanish\" target=\"_blank\" rel=\"noopener\"> haciendo click ac\u00e1.<\/a><\/p>\n<\/div>\n<\/div><\/div><div id=\"panel-16165-0-0-1\" class=\"so-panel widget widget_sow-editor panel-last-child\" data-index=\"1\" ><div\n\t\t\t\n\t\t\tclass=\"so-widget-sow-editor so-widget-sow-editor-base\"\n\t\t\t\n\t\t>\n<div class=\"siteorigin-widget-tinymce textwidget\">\n\t<p><i class=\"fa fa-money\" style=\"font-size: 20px; color: #ea5d1d;\"><\/i> <strong>Precio:<\/strong> A propina.<br \/>\n<i class=\"fa fa-calendar\" style=\"font-size: 20px; color: #ea5d1d;\"><\/i> <strong>Programaci\u00f3n:<\/strong> No disponible.<br \/>\n<i class=\"fa fa-refresh\" style=\"font-size: 20px; color: #ea5d1d;\"><\/i> <strong>Duraci\u00f3n:<\/strong> 2 horas<br \/>\n<i class=\"fa fa-map-marker\" style=\"font-size: 20px; color: #ea5d1d;\"><\/i> <strong>Punto de Encuentro:<\/strong> Puerta principal del Cementerio Chacarita. Av Guzman 680<br \/>\n<i class=\"fa fa-flag\" style=\"font-size: 20px; color: #ea5d1d;\"><\/i> <strong>Idiomas: <img data-recalc-dims=\"1\" loading=\"lazy\" decoding=\"async\" class=\"alignnone size-full wp-image-4524\" src=\"https:\/\/i0.wp.com\/www.buenosairesfreewalks.com\/spanish\/wp-content\/uploads\/2019\/12\/freetourespanol.jpg?resize=25%2C16&#038;ssl=1\" alt=\"free tour buenos aires\" width=\"25\" height=\"16\" \/><\/strong> Espa\u00f1ol<br \/>\n<strong>Tour calificado con 5 estrellas<\/strong> en <a href=\"https:\/\/www.buenosairesfreewalks.com\/reviews\/\" target=\"_blank\" rel=\"noopener\">Google <\/a><a href=\"https:\/\/www.buenosairesfreewalks.com\/reviews\/\" target=\"_blank\" rel=\"noopener\">Reviews <\/a><a href=\"https:\/\/www.buenosairesfreewalks.com\/reviews\/\" target=\"_blank\" rel=\"noopener\">(+5000)<\/a> &amp; <a href=\"https:\/\/www.buenosairesfreewalks.com\/reviews\/#tripadvisor\" target=\"_blank\" rel=\"noopener\">Tripadvisor (+9000).<\/a><\/p>\n<\/div>\n<\/div><\/div><\/div><\/div><\/div><\/div><\/div><div class=\"smartlib-blck-area\"><div class=\"container\"><div id=\"pg-16165-1\"  class=\"panel-grid panel-has-style\" ><div class=\"smartlib-widgets-panel-row panel-row-style panel-row-style-for-16165-1\" ><div id=\"pgc-16165-1-0\"  class=\"panel-grid-cell\" ><div id=\"panel-16165-1-0-0\" class=\"so-panel widget widget_sow-editor panel-first-child\" data-index=\"2\" ><div\n\t\t\t\n\t\t\tclass=\"so-widget-sow-editor so-widget-sow-editor-base\"\n\t\t\t\n\t\t>\n<div class=\"siteorigin-widget-tinymce textwidget\">\n\t<h1 style=\"text-align: center; line-height: 1.2;\"><span style=\"color: #000000;\">FREE TOUR CEMENTERIO CHACARITA<\/span><\/h1>\n<p><a href=\"https:\/\/www.buenosairesfreewalks.com\/reviews\/#tripadvisor\" target=\"_blank\" rel=\"noopener\"><img data-recalc-dims=\"1\" loading=\"lazy\" decoding=\"async\" class=\"aligncenter wp-image-16264 size-full\" src=\"https:\/\/i0.wp.com\/www.buenosairesfreewalks.com\/spanish\/wp-content\/uploads\/2025\/10\/opiniones-tadvisor.png?resize=419%2C94&#038;ssl=1\" alt=\"\" width=\"419\" height=\"94\" srcset=\"https:\/\/i0.wp.com\/www.buenosairesfreewalks.com\/spanish\/wp-content\/uploads\/2025\/10\/opiniones-tadvisor.png?w=419&amp;ssl=1 419w, https:\/\/i0.wp.com\/www.buenosairesfreewalks.com\/spanish\/wp-content\/uploads\/2025\/10\/opiniones-tadvisor.png?resize=300%2C67&amp;ssl=1 300w\" sizes=\"auto, (max-width: 419px) 100vw, 419px\" \/><\/a><\/p>\n<\/div>\n<\/div><\/div><div id=\"panel-16165-1-0-1\" class=\"so-panel widget widget_sow-editor\" data-index=\"3\" ><div\n\t\t\t\n\t\t\tclass=\"so-widget-sow-editor so-widget-sow-editor-base\"\n\t\t\t\n\t\t>\n<div class=\"siteorigin-widget-tinymce textwidget\">\n\t<h5 style=\"text-align: center;\"><strong>\u00a0A base de propinas<\/strong><\/h5>\n<p style=\"text-align: justify;\">El\u00a0<strong>Cementerio de la Chacarita<\/strong> es mucho m\u00e1s que un lugar de descanso eterno: es un recorrido por la historia, la cultura y las pasiones argentinas. En este free tour del Cementerio Chacarita descubriremos las tumbas y mausoleos de figuras inolvidables: desde el sindicalista <strong>Augusto Vandor<\/strong>\u00a0hasta el legendario boxeador\u00a0<strong>Ringo Bonavena<\/strong>, pasando por el aviador pionero\u00a0<strong>Jorge Newbery<\/strong>, el gran\u00a0<strong>Carlos Gardel<\/strong>\u00a0y las voces inmortales de\u00a0<strong>Gustavo Cerati<\/strong>\u00a0y\u00a0<strong>Gilda<\/strong>.<\/p>\n<p style=\"text-align: justify;\">Tambi\u00e9n conoceremos a personajes populares como la\u00a0<strong>Madre Mar\u00eda<\/strong>, s\u00edmbolo de fe, y a pioneros de la criminolog\u00eda como\u00a0<strong>Jos\u00e9 Gregorio Rossi<\/strong>. Exploraremos los panteones colectivos \u2014del\u00a0<strong>Centro Gallego<\/strong>, la\u00a0<strong>Asociaci\u00f3n Espa\u00f1ola de Socorros Mutuos<\/strong>, el de los\u00a0<strong>Actores<\/strong>\u00a0y el de la\u00a0<strong>SADAIC<\/strong>\u2014 que cuentan la historia de comunidades enteras. Adem\u00e1s, visitaremos los mausoleos de familias emblem\u00e1ticas como los\u00a0<strong>Roverano<\/strong>\u00a0y los\u00a0<strong>Per\u00f3n<\/strong>, y evocaremos al poeta del tango\u00a0<strong>Jos\u00e9 Bettinoti<\/strong>.<\/p>\n<p style=\"text-align: justify;\">Un paseo \u00fanico donde cada tumba guarda un relato apasionante y donde el arte, la memoria y las tradiciones se entrelazan para mostrar el alma de Buenos Aires.<\/p>\n<\/div>\n<\/div><\/div><div id=\"panel-16165-1-0-2\" class=\"so-panel widget widget_media_gallery panel-last-child\" data-index=\"4\" ><div class=\"tiled-gallery type-rectangular tiled-gallery-unresized\" data-original-width=\"1200\" data-carousel-extra='null' itemscope itemtype=\"http:\/\/schema.org\/ImageGallery\" > <div class=\"gallery-row\" style=\"width: 1200px; height: 448px;\" data-original-width=\"1200\" data-original-height=\"448\" > <div class=\"gallery-group images-1\" style=\"width: 300px; height: 448px;\" data-original-width=\"300\" data-original-height=\"448\" > <div class=\"tiled-gallery-item tiled-gallery-item-large\" itemprop=\"associatedMedia\" itemscope itemtype=\"http:\/\/schema.org\/ImageObject\"> <meta itemprop=\"width\" content=\"296\"> <meta itemprop=\"height\" content=\"444\"> <img decoding=\"async\" class=\"\" data-attachment-id=\"16193\" data-orig-file=\"https:\/\/www.buenosairesfreewalks.com\/spanish\/wp-content\/uploads\/2025\/08\/tour-chaca.webp\" data-orig-size=\"300,450\" data-comments-opened=\"1\" data-image-meta=\"{&quot;aperture&quot;:&quot;0&quot;,&quot;credit&quot;:&quot;&quot;,&quot;camera&quot;:&quot;&quot;,&quot;caption&quot;:&quot;&quot;,&quot;created_timestamp&quot;:&quot;0&quot;,&quot;copyright&quot;:&quot;&quot;,&quot;focal_length&quot;:&quot;0&quot;,&quot;iso&quot;:&quot;0&quot;,&quot;shutter_speed&quot;:&quot;0&quot;,&quot;title&quot;:&quot;&quot;,&quot;orientation&quot;:&quot;0&quot;}\" data-image-title=\"tour-chaca\" data-image-description=\"\" data-medium-file=\"https:\/\/i0.wp.com\/www.buenosairesfreewalks.com\/spanish\/wp-content\/uploads\/2025\/08\/tour-chaca.webp?fit=200%2C300&#038;ssl=1\" data-large-file=\"https:\/\/i0.wp.com\/www.buenosairesfreewalks.com\/spanish\/wp-content\/uploads\/2025\/08\/tour-chaca.webp?fit=300%2C450&#038;ssl=1\" src=\"https:\/\/i0.wp.com\/www.buenosairesfreewalks.com\/spanish\/wp-content\/uploads\/2025\/08\/tour-chaca.webp?w=296&#038;h=444&#038;ssl=1\" srcset=\"https:\/\/i0.wp.com\/www.buenosairesfreewalks.com\/spanish\/wp-content\/uploads\/2025\/08\/tour-chaca.webp?w=300&amp;ssl=1 300w, https:\/\/i0.wp.com\/www.buenosairesfreewalks.com\/spanish\/wp-content\/uploads\/2025\/08\/tour-chaca.webp?resize=200%2C300&amp;ssl=1 200w\" width=\"296\" height=\"444\" loading=\"lazy\" data-original-width=\"296\" data-original-height=\"444\" itemprop=\"http:\/\/schema.org\/image\" title=\"tour-chaca\" alt=\"free tour chacarita\" style=\"width: 296px; height: 444px;\" \/> <\/div> <\/div> <!-- close group --> <div class=\"gallery-group images-1\" style=\"width: 300px; height: 448px;\" data-original-width=\"300\" data-original-height=\"448\" > <div class=\"tiled-gallery-item tiled-gallery-item-large\" itemprop=\"associatedMedia\" itemscope itemtype=\"http:\/\/schema.org\/ImageObject\"> <meta itemprop=\"width\" content=\"296\"> <meta itemprop=\"height\" content=\"444\"> <img decoding=\"async\" class=\"\" data-attachment-id=\"16192\" data-orig-file=\"https:\/\/www.buenosairesfreewalks.com\/spanish\/wp-content\/uploads\/2025\/08\/free-tour-chacarita2.webp\" data-orig-size=\"300,450\" data-comments-opened=\"1\" data-image-meta=\"{&quot;aperture&quot;:&quot;0&quot;,&quot;credit&quot;:&quot;&quot;,&quot;camera&quot;:&quot;&quot;,&quot;caption&quot;:&quot;&quot;,&quot;created_timestamp&quot;:&quot;0&quot;,&quot;copyright&quot;:&quot;&quot;,&quot;focal_length&quot;:&quot;0&quot;,&quot;iso&quot;:&quot;0&quot;,&quot;shutter_speed&quot;:&quot;0&quot;,&quot;title&quot;:&quot;&quot;,&quot;orientation&quot;:&quot;0&quot;}\" data-image-title=\"free-tour-chacarita2\" data-image-description=\"\" data-medium-file=\"https:\/\/i0.wp.com\/www.buenosairesfreewalks.com\/spanish\/wp-content\/uploads\/2025\/08\/free-tour-chacarita2.webp?fit=200%2C300&#038;ssl=1\" data-large-file=\"https:\/\/i0.wp.com\/www.buenosairesfreewalks.com\/spanish\/wp-content\/uploads\/2025\/08\/free-tour-chacarita2.webp?fit=300%2C450&#038;ssl=1\" src=\"https:\/\/i0.wp.com\/www.buenosairesfreewalks.com\/spanish\/wp-content\/uploads\/2025\/08\/free-tour-chacarita2.webp?w=296&#038;h=444&#038;ssl=1\" srcset=\"https:\/\/i0.wp.com\/www.buenosairesfreewalks.com\/spanish\/wp-content\/uploads\/2025\/08\/free-tour-chacarita2.webp?w=300&amp;ssl=1 300w, https:\/\/i0.wp.com\/www.buenosairesfreewalks.com\/spanish\/wp-content\/uploads\/2025\/08\/free-tour-chacarita2.webp?resize=200%2C300&amp;ssl=1 200w\" width=\"296\" height=\"444\" loading=\"lazy\" data-original-width=\"296\" data-original-height=\"444\" itemprop=\"http:\/\/schema.org\/image\" title=\"free-tour-chacarita2\" alt=\"free-tour-chacarita2\" style=\"width: 296px; height: 444px;\" \/> <\/div> <\/div> <!-- close group --> <div class=\"gallery-group images-1\" style=\"width: 300px; height: 448px;\" data-original-width=\"300\" data-original-height=\"448\" > <div class=\"tiled-gallery-item tiled-gallery-item-large\" itemprop=\"associatedMedia\" itemscope itemtype=\"http:\/\/schema.org\/ImageObject\"> <meta itemprop=\"width\" content=\"296\"> <meta itemprop=\"height\" content=\"444\"> <img decoding=\"async\" class=\"\" data-attachment-id=\"16191\" data-orig-file=\"https:\/\/www.buenosairesfreewalks.com\/spanish\/wp-content\/uploads\/2025\/08\/free-tour-chacarita-1.webp\" data-orig-size=\"300,450\" data-comments-opened=\"1\" data-image-meta=\"{&quot;aperture&quot;:&quot;0&quot;,&quot;credit&quot;:&quot;&quot;,&quot;camera&quot;:&quot;&quot;,&quot;caption&quot;:&quot;&quot;,&quot;created_timestamp&quot;:&quot;0&quot;,&quot;copyright&quot;:&quot;&quot;,&quot;focal_length&quot;:&quot;0&quot;,&quot;iso&quot;:&quot;0&quot;,&quot;shutter_speed&quot;:&quot;0&quot;,&quot;title&quot;:&quot;&quot;,&quot;orientation&quot;:&quot;0&quot;}\" data-image-title=\"free-tour-chacarita (1)\" data-image-description=\"\" data-medium-file=\"https:\/\/i0.wp.com\/www.buenosairesfreewalks.com\/spanish\/wp-content\/uploads\/2025\/08\/free-tour-chacarita-1.webp?fit=200%2C300&#038;ssl=1\" data-large-file=\"https:\/\/i0.wp.com\/www.buenosairesfreewalks.com\/spanish\/wp-content\/uploads\/2025\/08\/free-tour-chacarita-1.webp?fit=300%2C450&#038;ssl=1\" src=\"https:\/\/i0.wp.com\/www.buenosairesfreewalks.com\/spanish\/wp-content\/uploads\/2025\/08\/free-tour-chacarita-1.webp?w=296&#038;h=444&#038;ssl=1\" srcset=\"https:\/\/i0.wp.com\/www.buenosairesfreewalks.com\/spanish\/wp-content\/uploads\/2025\/08\/free-tour-chacarita-1.webp?w=300&amp;ssl=1 300w, https:\/\/i0.wp.com\/www.buenosairesfreewalks.com\/spanish\/wp-content\/uploads\/2025\/08\/free-tour-chacarita-1.webp?resize=200%2C300&amp;ssl=1 200w\" width=\"296\" height=\"444\" loading=\"lazy\" data-original-width=\"296\" data-original-height=\"444\" itemprop=\"http:\/\/schema.org\/image\" title=\"free-tour-chacarita (1)\" alt=\"free-tour-chacarita (1)\" style=\"width: 296px; height: 444px;\" \/> <\/div> <\/div> <!-- close group --> <div class=\"gallery-group images-1\" style=\"width: 300px; height: 448px;\" data-original-width=\"300\" data-original-height=\"448\" > <div class=\"tiled-gallery-item tiled-gallery-item-large\" itemprop=\"associatedMedia\" itemscope itemtype=\"http:\/\/schema.org\/ImageObject\"> <meta itemprop=\"width\" content=\"296\"> <meta itemprop=\"height\" content=\"444\"> <img decoding=\"async\" class=\"\" data-attachment-id=\"16190\" data-orig-file=\"https:\/\/www.buenosairesfreewalks.com\/spanish\/wp-content\/uploads\/2025\/08\/free-tour-chaca-1.webp\" data-orig-size=\"300,450\" data-comments-opened=\"1\" data-image-meta=\"{&quot;aperture&quot;:&quot;0&quot;,&quot;credit&quot;:&quot;&quot;,&quot;camera&quot;:&quot;&quot;,&quot;caption&quot;:&quot;&quot;,&quot;created_timestamp&quot;:&quot;0&quot;,&quot;copyright&quot;:&quot;&quot;,&quot;focal_length&quot;:&quot;0&quot;,&quot;iso&quot;:&quot;0&quot;,&quot;shutter_speed&quot;:&quot;0&quot;,&quot;title&quot;:&quot;&quot;,&quot;orientation&quot;:&quot;0&quot;}\" data-image-title=\"free-tour-chaca (1)\" data-image-description=\"\" data-medium-file=\"https:\/\/i0.wp.com\/www.buenosairesfreewalks.com\/spanish\/wp-content\/uploads\/2025\/08\/free-tour-chaca-1.webp?fit=200%2C300&#038;ssl=1\" data-large-file=\"https:\/\/i0.wp.com\/www.buenosairesfreewalks.com\/spanish\/wp-content\/uploads\/2025\/08\/free-tour-chaca-1.webp?fit=300%2C450&#038;ssl=1\" src=\"https:\/\/i0.wp.com\/www.buenosairesfreewalks.com\/spanish\/wp-content\/uploads\/2025\/08\/free-tour-chaca-1.webp?w=296&#038;h=444&#038;ssl=1\" srcset=\"https:\/\/i0.wp.com\/www.buenosairesfreewalks.com\/spanish\/wp-content\/uploads\/2025\/08\/free-tour-chaca-1.webp?w=300&amp;ssl=1 300w, https:\/\/i0.wp.com\/www.buenosairesfreewalks.com\/spanish\/wp-content\/uploads\/2025\/08\/free-tour-chaca-1.webp?resize=200%2C300&amp;ssl=1 200w\" width=\"296\" height=\"444\" loading=\"lazy\" data-original-width=\"296\" data-original-height=\"444\" itemprop=\"http:\/\/schema.org\/image\" title=\"free-tour-chaca (1)\" alt=\"cementerio chacarita\" style=\"width: 296px; height: 444px;\" \/> <\/div> <\/div> <!-- close group --> <\/div> <!-- close row --> <\/div><\/div><\/div><\/div><\/div><\/div><\/div><div class=\"smartlib-blck-area\"><div class=\"container\"><div id=\"pg-16165-2\"  class=\"panel-grid panel-has-style\" ><div class=\"smartlib-widgets-panel-row panel-row-style panel-row-style-for-16165-2\" ><div id=\"pgc-16165-2-0\"  class=\"panel-grid-cell\" ><div id=\"panel-16165-2-0-0\" class=\"so-panel widget widget_sow-editor panel-first-child panel-last-child\" data-index=\"5\" ><div\n\t\t\t\n\t\t\tclass=\"so-widget-sow-editor so-widget-sow-editor-base\"\n\t\t\t\n\t\t>\n<div class=\"siteorigin-widget-tinymce textwidget\">\n\t<h5 style=\"text-align: center;\">Destacados del Free Tour Cementerio Chacarita<\/h5>\n<ul>\n<li>Augusto Vandor, sindicalista<\/li>\n<li>Ringo Bonavena, boxeador<\/li>\n<li>Jos\u00e9 Gregorio Rossi, criminalista<\/li>\n<li>Jorge Newbery, aviador<\/li>\n<li>Madre Mar\u00eda, santa popular<\/li>\n<li>Carlos Gardel, tango<\/li>\n<li>Gustavo Cerati, cantante<\/li>\n<li>Gilda, cantante<\/li>\n<li>Jos\u00e9 Bettinoti, tango<\/li>\n<li>Familia Roverano<\/li>\n<li>Familia Per\u00f3n<\/li>\n<li>Pante\u00f3n Centro Gallego<\/li>\n<li>Pante\u00f3n Asoc Espa\u00f1ola Socorros Mutuos<\/li>\n<li>Pante\u00f3n de Actores<\/li>\n<li>Pante\u00f3n SADAIC<\/li>\n<\/ul>\n<\/div>\n<\/div><\/div><\/div><div id=\"pgc-16165-2-1\"  class=\"panel-grid-cell\" ><div id=\"panel-16165-2-1-0\" class=\"so-panel widget widget_sow-editor panel-first-child\" data-index=\"6\" ><div id=\"mapa\" class=\"panel-widget-style panel-widget-style-for-16165-2-1-0\" ><div\n\t\t\t\n\t\t\tclass=\"so-widget-sow-editor so-widget-sow-editor-base\"\n\t\t\t\n\t\t>\n<div class=\"siteorigin-widget-tinymce textwidget\">\n\t<h5 style=\"text-align: center;\">Chequea nuestro Punto de Encuentro<\/h5>\n<\/div>\n<\/div><\/div><\/div><div id=\"panel-16165-2-1-1\" class=\"widget_text so-panel widget widget_custom_html panel-last-child\" data-index=\"7\" ><div class=\"textwidget custom-html-widget\"><center>\n<iframe src=\"https:\/\/www.google.com\/maps\/embed?pb=!1m18!1m12!1m3!1d3284.648186764958!2d-58.4563446!3d-34.5877675!2m3!1f0!2f0!3f0!3m2!1i1024!2i768!4f13.1!3m3!1m2!1s0x95bcb5fcdd2212d3%3A0x80159bd2c0e7d6c8!2sCementerio%20de%20la%20Chacarita!5e0!3m2!1ses!2sar!4v1756152680891!5m2!1ses!2sar\" width=\"1200\" height=\"300\" style=\"border:0;\" allowfullscreen=\"\" loading=\"lazy\" referrerpolicy=\"no-referrer-when-downgrade\"><\/iframe><\/div><\/div><\/div><\/div><\/div><\/div><\/div><div class=\"smartlib-blck-area\"><div class=\"container\"><div id=\"pg-16165-3\"  class=\"panel-grid panel-has-style\" ><div class=\"smartlib-widgets-panel-row panel-row-style panel-row-style-for-16165-3\" ><div id=\"pgc-16165-3-0\"  class=\"panel-grid-cell\" ><div id=\"panel-16165-3-0-0\" class=\"so-panel widget widget_sow-editor panel-first-child\" data-index=\"8\" ><div\n\t\t\t\n\t\t\tclass=\"so-widget-sow-editor so-widget-sow-editor-base\"\n\t\t\t\n\t\t>\n<div class=\"siteorigin-widget-tinymce textwidget\">\n\t<h4 style=\"text-align: center;\">Foto del Punto de Encuentro<\/h4>\n<\/div>\n<\/div><\/div><div id=\"panel-16165-3-0-1\" class=\"so-panel widget widget_sow-image panel-last-child\" data-index=\"9\" ><div\n\t\t\t\n\t\t\tclass=\"so-widget-sow-image so-widget-sow-image-default-8b5b6f678277-16165\"\n\t\t\t\n\t\t>\n<div class=\"sow-image-container\">\n\t\t<img \n\tsrc=\"https:\/\/i0.wp.com\/www.buenosairesfreewalks.com\/spanish\/wp-content\/uploads\/2025\/08\/free-tour-chaca.webp?fit=1000%2C668&amp;ssl=1\" width=\"1000\" height=\"668\" srcset=\"https:\/\/i0.wp.com\/www.buenosairesfreewalks.com\/spanish\/wp-content\/uploads\/2025\/08\/free-tour-chaca.webp?w=1000&amp;ssl=1 1000w, https:\/\/i0.wp.com\/www.buenosairesfreewalks.com\/spanish\/wp-content\/uploads\/2025\/08\/free-tour-chaca.webp?resize=300%2C200&amp;ssl=1 300w, https:\/\/i0.wp.com\/www.buenosairesfreewalks.com\/spanish\/wp-content\/uploads\/2025\/08\/free-tour-chaca.webp?resize=768%2C513&amp;ssl=1 768w, https:\/\/i0.wp.com\/www.buenosairesfreewalks.com\/spanish\/wp-content\/uploads\/2025\/08\/free-tour-chaca.webp?resize=624%2C417&amp;ssl=1 624w, https:\/\/i0.wp.com\/www.buenosairesfreewalks.com\/spanish\/wp-content\/uploads\/2025\/08\/free-tour-chaca.webp?resize=272%2C182&amp;ssl=1 272w\" alt=\"free tour cementerio chacarita\" \t\tclass=\"so-widget-image\"\/>\n\t<\/div>\n\n<\/div><\/div><\/div><\/div><\/div><\/div><\/div><\/div>","protected":false},"excerpt":{"rendered":"<p>TOUR NO DISPONIBLE Te esperamos en nuestros otros free tours haciendo click ac\u00e1. Precio: A propina. Programaci\u00f3n: No disponible. Duraci\u00f3n: 2 horas Punto de Encuentro: Puerta principal del Cementerio Chacarita. Av Guzman 680 Idiomas: Espa\u00f1ol Tour calificado con 5 estrellas en Google Reviews (+5000) &amp; Tripadvisor (+9000). FREE TOUR CEMENTERIO CHACARITA \u00a0A base de propinas [&hellip;]<\/p>\n","protected":false},"author":1,"featured_media":0,"parent":0,"menu_order":0,"comment_status":"closed","ping_status":"closed","template":"","meta":{"footnotes":""},"class_list":["post-16165","page","type-page","status-publish","hentry"],"yoast_head":"<!-- This site is optimized with the Yoast SEO plugin v27.4 - https:\/\/yoast.com\/product\/yoast-seo-wordpress\/ -->\n<title>Free Tour Cementerio Chacarita - Buenos Aires Free Walks<\/title>\n<meta name=\"description\" content=\"Free Tour Cementerio Chacarita. Todos los S\u00e1bados a las 3pm. Reserva Gratis. Sumate a este Paseo \u00danico de Buenos Aires.\" \/>\n<meta name=\"robots\" content=\"index, follow, max-snippet:-1, max-image-preview:large, max-video-preview:-1\" \/>\n<link rel=\"canonical\" href=\"https:\/\/www.buenosairesfreewalks.com\/spanish\/free-tour-cementerio-chacarita\/\" \/>\n<meta property=\"og:locale\" content=\"es_ES\" \/>\n<meta property=\"og:type\" content=\"article\" \/>\n<meta property=\"og:title\" content=\"Free Tour Cementerio Chacarita - Buenos Aires Free Walks\" \/>\n<meta property=\"og:description\" content=\"Free Tour Cementerio Chacarita. Todos los S\u00e1bados a las 3pm. Reserva Gratis. Sumate a este Paseo \u00danico de Buenos Aires.\" \/>\n<meta property=\"og:url\" content=\"https:\/\/www.buenosairesfreewalks.com\/spanish\/free-tour-cementerio-chacarita\/\" \/>\n<meta property=\"og:site_name\" content=\"Buenos Aires Free Walks\" \/>\n<meta property=\"article:modified_time\" content=\"2025-12-29T12:32:27+00:00\" \/>\n<meta property=\"og:image\" content=\"https:\/\/www.buenosairesfreewalks.com\/spanish\/wp-content\/uploads\/2019\/12\/freetourespanol.jpg\" \/>\n<meta name=\"twitter:card\" content=\"summary_large_image\" \/>\n<meta name=\"twitter:label1\" content=\"Tiempo de lectura\" \/>\n\t<meta name=\"twitter:data1\" content=\"3 minutos\" \/>\n<!-- \/ Yoast SEO plugin. -->","yoast_head_json":{"title":"Free Tour Cementerio Chacarita - Buenos Aires Free Walks","description":"Free Tour Cementerio Chacarita. Todos los S\u00e1bados a las 3pm. Reserva Gratis. Sumate a este Paseo \u00danico de Buenos Aires.","robots":{"index":"index","follow":"follow","max-snippet":"max-snippet:-1","max-image-preview":"max-image-preview:large","max-video-preview":"max-video-preview:-1"},"canonical":"https:\/\/www.buenosairesfreewalks.com\/spanish\/free-tour-cementerio-chacarita\/","og_locale":"es_ES","og_type":"article","og_title":"Free Tour Cementerio Chacarita - Buenos Aires Free Walks","og_description":"Free Tour Cementerio Chacarita. Todos los S\u00e1bados a las 3pm. Reserva Gratis. Sumate a este Paseo \u00danico de Buenos Aires.","og_url":"https:\/\/www.buenosairesfreewalks.com\/spanish\/free-tour-cementerio-chacarita\/","og_site_name":"Buenos Aires Free Walks","article_modified_time":"2025-12-29T12:32:27+00:00","og_image":[{"url":"https:\/\/www.buenosairesfreewalks.com\/spanish\/wp-content\/uploads\/2019\/12\/freetourespanol.jpg","type":"","width":"","height":""}],"twitter_card":"summary_large_image","twitter_misc":{"Tiempo de lectura":"3 minutos"},"schema":{"@context":"https:\/\/schema.org","@graph":[{"@type":"WebPage","@id":"https:\/\/www.buenosairesfreewalks.com\/spanish\/free-tour-cementerio-chacarita\/","url":"https:\/\/www.buenosairesfreewalks.com\/spanish\/free-tour-cementerio-chacarita\/","name":"Free Tour Cementerio Chacarita - Buenos Aires Free Walks","isPartOf":{"@id":"https:\/\/www.buenosairesfreewalks.com\/spanish\/#website"},"primaryImageOfPage":{"@id":"https:\/\/www.buenosairesfreewalks.com\/spanish\/free-tour-cementerio-chacarita\/#primaryimage"},"image":{"@id":"https:\/\/www.buenosairesfreewalks.com\/spanish\/free-tour-cementerio-chacarita\/#primaryimage"},"thumbnailUrl":"https:\/\/www.buenosairesfreewalks.com\/spanish\/wp-content\/uploads\/2019\/12\/freetourespanol.jpg","datePublished":"2025-08-25T20:39:36+00:00","dateModified":"2025-12-29T12:32:27+00:00","description":"Free Tour Cementerio Chacarita. Todos los S\u00e1bados a las 3pm. Reserva Gratis. Sumate a este Paseo \u00danico de Buenos Aires.","breadcrumb":{"@id":"https:\/\/www.buenosairesfreewalks.com\/spanish\/free-tour-cementerio-chacarita\/#breadcrumb"},"inLanguage":"es-AR","potentialAction":[{"@type":"ReadAction","target":["https:\/\/www.buenosairesfreewalks.com\/spanish\/free-tour-cementerio-chacarita\/"]}]},{"@type":"ImageObject","inLanguage":"es-AR","@id":"https:\/\/www.buenosairesfreewalks.com\/spanish\/free-tour-cementerio-chacarita\/#primaryimage","url":"https:\/\/i0.wp.com\/www.buenosairesfreewalks.com\/spanish\/wp-content\/uploads\/2019\/12\/freetourespanol.jpg?fit=25%2C16&ssl=1","contentUrl":"https:\/\/i0.wp.com\/www.buenosairesfreewalks.com\/spanish\/wp-content\/uploads\/2019\/12\/freetourespanol.jpg?fit=25%2C16&ssl=1","width":25,"height":16,"caption":"free tour buenos aires"},{"@type":"BreadcrumbList","@id":"https:\/\/www.buenosairesfreewalks.com\/spanish\/free-tour-cementerio-chacarita\/#breadcrumb","itemListElement":[{"@type":"ListItem","position":1,"name":"Home","item":"https:\/\/www.buenosairesfreewalks.com\/spanish\/"},{"@type":"ListItem","position":2,"name":"Free Tour Cementerio Chacarita"}]},{"@type":"WebSite","@id":"https:\/\/www.buenosairesfreewalks.com\/spanish\/#website","url":"https:\/\/www.buenosairesfreewalks.com\/spanish\/","name":"Buenos Aires Free Walks","description":"Los Mejores Tours Gratis en Buenos Aires","potentialAction":[{"@type":"SearchAction","target":{"@type":"EntryPoint","urlTemplate":"https:\/\/www.buenosairesfreewalks.com\/spanish\/?s={search_term_string}"},"query-input":{"@type":"PropertyValueSpecification","valueRequired":true,"valueName":"search_term_string"}}],"inLanguage":"es-AR"}]}},"jetpack_sharing_enabled":true,"_links":{"self":[{"href":"https:\/\/www.buenosairesfreewalks.com\/spanish\/wp-json\/wp\/v2\/pages\/16165","targetHints":{"allow":["GET"]}}],"collection":[{"href":"https:\/\/www.buenosairesfreewalks.com\/spanish\/wp-json\/wp\/v2\/pages"}],"about":[{"href":"https:\/\/www.buenosairesfreewalks.com\/spanish\/wp-json\/wp\/v2\/types\/page"}],"author":[{"embeddable":true,"href":"https:\/\/www.buenosairesfreewalks.com\/spanish\/wp-json\/wp\/v2\/users\/1"}],"replies":[{"embeddable":true,"href":"https:\/\/www.buenosairesfreewalks.com\/spanish\/wp-json\/wp\/v2\/comments?post=16165"}],"version-history":[{"count":18,"href":"https:\/\/www.buenosairesfreewalks.com\/spanish\/wp-json\/wp\/v2\/pages\/16165\/revisions"}],"predecessor-version":[{"id":16315,"href":"https:\/\/www.buenosairesfreewalks.com\/spanish\/wp-json\/wp\/v2\/pages\/16165\/revisions\/16315"}],"wp:attachment":[{"href":"https:\/\/www.buenosairesfreewalks.com\/spanish\/wp-json\/wp\/v2\/media?parent=16165"}],"curies":[{"name":"wp","href":"https:\/\/api.w.org\/{rel}","templated":true}]}}